{"id":9426,"date":"2020-06-06T07:19:11","date_gmt":"2020-06-06T05:19:11","guid":{"rendered":"https:\/\/www.traminerhof.it\/?page_id=9426"},"modified":"2022-05-07T08:19:14","modified_gmt":"2022-05-07T06:19:14","slug":"posizione","status":"publish","type":"page","link":"https:\/\/www.traminerhof.it\/it\/posizione\/","title":{"rendered":"Posizione"},"content":{"rendered":"\n<h1 class=\"has-text-align-center wp-block-heading\">Posizione<\/h1>\n\n\n\n<h2 class=\"has-text-align-center wp-block-heading\">Come raggiungerci<\/h2>\n\n\n\n<div class=\"responsive breiteSchmal\"><iframe loading=\"lazy\" src=\"https:\/\/www.google.com\/maps\/embed?pb=!1m18!1m12!1m3!1d2246.8622431779663!2d11.245237443802395!3d46.342916697519776!2m3!1f0!2f0!3f0!3m2!1i1024!2i768!4f13.1!3m3!1m2!1s0x478281509d127c5f%3A0x3201ea1a31f2ac6a!2sTRAMINERHOF!5e1!3m2!1sde!2sit!4v1587300173578!5m2!1sit!2sit\" style=\"border:0;\" allowfullscreen=\"\" aria-hidden=\"false\" tabindex=\"0\" width=\"600\" height=\"450\" frameborder=\"0\"><\/iframe><\/div>\n\n\n\n<h1 class=\"breiteSchmal mt-5 wp-block-heading\">Adresse<\/h1>\n\n\n\n<p class=\"breiteSchmal\">Hotel TRAMINERHOF<br>Strada del Vino 43<br>I-39040 Termeno<br>Telefono +39 0471 860384<br>Fax +39 0471 860844<br><a href=\"mailto:info@traminerhof.it\">info@traminerhof.it<\/a><\/p>\n\n\n\n<p class=\"breiteSchmal\">Termeno sulla Strada del Vino dell&#8217;Alto Adige (3.200 abitanti), si trova ad un&#8217;altitudine di 276 m, 4 km dal Lago di Caldaro, 23 km a sud di Bolzano e 45 km a sud di Merano, 300 km da Monaco, 200 km da Venezia.<\/p>\n\n\n\n<div class=\"wp-block-group mb-5 mb-sm-6\"><div class=\"wp-block-group__inner-container is-layout-flow wp-block-group-is-layout-flow\">\n<div class=\"wp-block-columns is-layout-flex wp-container-core-columns-is-layout-1 wp-block-columns-is-layout-flex\">\n<div class=\"wp-block-column is-layout-flow wp-block-column-is-layout-flow\">\n<figure class=\"wp-block-image size-large\"><img loading=\"lazy\" decoding=\"async\" width=\"1170\" height=\"781\" src=\"https:\/\/www.traminerhof.it\/wp-content\/uploads\/2020\/05\/anreise-mit-auto-1.jpg-1-1170x781.jpg\" alt=\"\" class=\"wp-image-7006\" srcset=\"https:\/\/www.traminerhof.it\/wp-content\/uploads\/2020\/05\/anreise-mit-auto-1.jpg-1-1170x781.jpg 1170w, https:\/\/www.traminerhof.it\/wp-content\/uploads\/2020\/05\/anreise-mit-auto-1.jpg-1-992x661.jpg 992w, https:\/\/www.traminerhof.it\/wp-content\/uploads\/2020\/05\/anreise-mit-auto-1.jpg-1-1536x1025.jpg 1536w, https:\/\/www.traminerhof.it\/wp-content\/uploads\/2020\/05\/anreise-mit-auto-1.jpg-1-768x513.jpg 768w, https:\/\/www.traminerhof.it\/wp-content\/uploads\/2020\/05\/anreise-mit-auto-1.jpg-1-585x390.jpg 585w, https:\/\/www.traminerhof.it\/wp-content\/uploads\/2020\/05\/anreise-mit-auto-1.jpg-1.jpg 2048w\" sizes=\"(max-width: 1170px) 100vw, 1170px\" \/><\/figure>\n<\/div>\n\n\n\n<div class=\"wp-block-column is-layout-flow wp-block-column-is-layout-flow\">\n<h1 class=\"wp-block-heading\">Per gli automobilisti<\/h1>\n\n\n\n<h2 class=\"wp-block-heading\"><strong>Arrivi in macchina?<\/strong><\/h2>\n\n\n\n<p>Prendi l&#8217;uscita Ora-Egna sull&#8217;autostrada del Brennero (a 4 km). <br><a rel=\"noreferrer noopener\" href=\"https:\/\/www.google.com\/maps\/dir\/E45,+39040+Tramin,+Bozen\/TRAMINERHOF,+Str.+del+Vino,+43,+39040+Tramin+an+der+Weinstra%C3%9Fe,+Bozen\/@46.3359728,11.242442,14z\/data=!3m1!4b1!4m14!4m13!1m5!1m1!1s0x47828178543c6d8b:0xf945ee8a06f55bf2!2m2!1d11.2776505!2d46.3372711!1m5!1m1!1s0x478281509d127c5f:0x3201ea1a31f2ac6a!2m2!1d11.2459918!2d46.3429167!3e0\" target=\"_blank\">Routenplaner<\/a><\/p>\n\n\n\n<p>Offriamo un numero sufficiente di parcheggi nei dintorni dell&#8217;hotel: Parcheggio davanti al hotel o parcheggio sotterraneo. I posti non sono numerati.<\/p>\n<\/div>\n<\/div>\n\n\n\n<figure class=\"wp-block-image size-large breiteSchmal\"><img loading=\"lazy\" decoding=\"async\" width=\"1170\" height=\"781\" src=\"https:\/\/www.traminerhof.it\/wp-content\/uploads\/2020\/05\/anreise-mit-zug-1170x781.jpg\" alt=\"\" class=\"wp-image-7010\" srcset=\"https:\/\/www.traminerhof.it\/wp-content\/uploads\/2020\/05\/anreise-mit-zug-1170x781.jpg 1170w, https:\/\/www.traminerhof.it\/wp-content\/uploads\/2020\/05\/anreise-mit-zug-992x661.jpg 992w, https:\/\/www.traminerhof.it\/wp-content\/uploads\/2020\/05\/anreise-mit-zug-1536x1025.jpg 1536w, https:\/\/www.traminerhof.it\/wp-content\/uploads\/2020\/05\/anreise-mit-zug-768x513.jpg 768w, https:\/\/www.traminerhof.it\/wp-content\/uploads\/2020\/05\/anreise-mit-zug-585x390.jpg 585w, https:\/\/www.traminerhof.it\/wp-content\/uploads\/2020\/05\/anreise-mit-zug.jpg 2048w\" sizes=\"(max-width: 1170px) 100vw, 1170px\" \/><figcaption>.<\/figcaption><\/figure>\n\n\n\n<h1 class=\"has-text-align-center wp-block-heading\">Viaggi in Treno<\/h1>\n\n\n\n<h2 class=\"has-text-align-center wp-block-heading\"><strong>Arrivi in treno?<\/strong><\/h2>\n\n\n\n<p class=\"breiteSchmal\">Prendi il treno fino alla fermata Ora(a 5 km). Da l\u00ec c&#8217;\u00e8 un collegamento autobus per Termeno. In alternativa, prendi il treno fino a Bolzano e poi prendi la navetta di collegamento dall&#8217;Alto Adige Transfer direttamente da noi. Clicca qui per la pagina di prenotazione: <a href=\"https:\/\/www.altoadigetransfer.com\/\">www.suedtiroltransfer.com\/de\/<\/a><\/p>\n<\/div><\/div>\n\n\n\n<div class=\"wp-block-columns is-layout-flex wp-container-core-columns-is-layout-2 wp-block-columns-is-layout-flex\">\n<div class=\"wp-block-column is-layout-flow wp-block-column-is-layout-flow\">\n<h1 class=\"wp-block-heading\">Per i passeggeri<\/h1>\n\n\n\n<h2 class=\"wp-block-heading\"><strong>Arrivi in aereo<\/strong><\/h2>\n\n\n\n<p>Volo per Innsbruck (Austria) e in treno per Ora. Da l\u00ec c&#8217;\u00e8 un collegamento con l&#8217;autobus per Termeno o possiamo venire a prenderti. In alternativa, \u00e8 possibile noleggiare un&#8217;auto e guidare direttamente da Innsbruck al Traminerhof.<\/p>\n\n\n\n<p>Volo per Milano\/Bergamo o Verona e proseguimento in treno per Ora. Da l\u00ec c&#8217;\u00e8 un collegamento con l&#8217;autobus per Termeno o possiamo venire a prenderti.<\/p>\n<\/div>\n\n\n\n<div class=\"wp-block-column is-layout-flow wp-block-column-is-layout-flow\">\n<figure class=\"wp-block-image size-large\"><img loading=\"lazy\" decoding=\"async\" width=\"959\" height=\"1170\" src=\"https:\/\/www.traminerhof.it\/wp-content\/uploads\/2020\/05\/anreise-mit-flugzeug-959x1170.jpg\" alt=\"\" class=\"wp-image-7008\" srcset=\"https:\/\/www.traminerhof.it\/wp-content\/uploads\/2020\/05\/anreise-mit-flugzeug-959x1170.jpg 959w, https:\/\/www.traminerhof.it\/wp-content\/uploads\/2020\/05\/anreise-mit-flugzeug-1259x1536.jpg 1259w, https:\/\/www.traminerhof.it\/wp-content\/uploads\/2020\/05\/anreise-mit-flugzeug-768x937.jpg 768w, https:\/\/www.traminerhof.it\/wp-content\/uploads\/2020\/05\/anreise-mit-flugzeug-479x585.jpg 479w, https:\/\/www.traminerhof.it\/wp-content\/uploads\/2020\/05\/anreise-mit-flugzeug.jpg 1678w\" sizes=\"(max-width: 959px) 100vw, 959px\" \/><\/figure>\n<\/div>\n<\/div>\n","protected":false},"excerpt":{"rendered":"<p>Posizione Come raggiungerci Adresse Hotel TRAMINERHOFStrada del Vino 43I-39040 TermenoTelefono +39 0471 860384Fax +39 0471 860844info@traminerhof.it Termeno sulla Strada del Vino dell&#8217;Alto Adige (3.200 abitanti), si trova ad un&#8217;altitudine di 276 m, 4 km dal Lago di Caldaro, 23 km a sud di Bolzano e 45 km a sud di Merano, 300 km da Monaco, [&hellip;]<\/p>\n","protected":false},"author":1,"featured_media":0,"parent":0,"menu_order":0,"comment_status":"closed","ping_status":"closed","template":"","meta":{"_acf_changed":false,"footnotes":"","_links_to":"","_links_to_target":""},"seite_kategorien":[],"acf":[],"yoast_head":"<!-- This site is optimized with the Yoast SEO plugin v22.6 - https:\/\/yoast.com\/wordpress\/plugins\/seo\/ -->\n<title>Posizione | Traminerhof<\/title>\n<meta name=\"robots\" content=\"index, follow, max-snippet:-1, max-image-preview:large, max-video-preview:-1\" \/>\n<link rel=\"canonical\" href=\"https:\/\/www.traminerhof.it\/lage\/\" \/>\n<meta property=\"og:locale\" content=\"it_IT\" \/>\n<meta property=\"og:type\" content=\"article\" \/>\n<meta property=\"og:title\" content=\"Posizione | Traminerhof\" \/>\n<meta property=\"og:description\" content=\"Posizione Come raggiungerci Adresse Hotel TRAMINERHOFStrada del Vino 43I-39040 TermenoTelefono +39 0471 860384Fax +39 0471 860844info@traminerhof.it Termeno sulla Strada del Vino dell&#8217;Alto Adige (3.200 abitanti), si trova ad un&#8217;altitudine di 276 m, 4 km dal Lago di Caldaro, 23 km a sud di Bolzano e 45 km a sud di Merano, 300 km da Monaco, [&hellip;]\" \/>\n<meta property=\"og:url\" content=\"https:\/\/www.traminerhof.it\/lage\/\" \/>\n<meta property=\"og:site_name\" content=\"Traminerhof\" \/>\n<meta property=\"article:modified_time\" content=\"2022-05-07T06:19:14+00:00\" \/>\n<meta property=\"og:image\" content=\"https:\/\/www.traminerhof.it\/wp-content\/uploads\/2020\/05\/anreise-mit-auto-1.jpg-1-1170x781.jpg\" \/>\n<meta name=\"twitter:card\" content=\"summary_large_image\" \/>\n<meta name=\"twitter:label1\" content=\"Tempo di lettura stimato\" \/>\n\t<meta name=\"twitter:data1\" content=\"1 minuto\" \/>\n<script type=\"application\/ld+json\" class=\"yoast-schema-graph\">{\"@context\":\"https:\/\/schema.org\",\"@graph\":[{\"@type\":\"WebPage\",\"@id\":\"https:\/\/www.traminerhof.it\/lage\/\",\"url\":\"https:\/\/www.traminerhof.it\/lage\/\",\"name\":\"Posizione | Traminerhof\",\"isPartOf\":{\"@id\":\"https:\/\/www.traminerhof.it\/#website\"},\"primaryImageOfPage\":{\"@id\":\"https:\/\/www.traminerhof.it\/lage\/#primaryimage\"},\"image\":{\"@id\":\"https:\/\/www.traminerhof.it\/lage\/#primaryimage\"},\"thumbnailUrl\":\"https:\/\/www.traminerhof.it\/wp-content\/uploads\/2020\/05\/anreise-mit-auto-1.jpg-1-1170x781.jpg\",\"datePublished\":\"2020-06-06T05:19:11+00:00\",\"dateModified\":\"2022-05-07T06:19:14+00:00\",\"breadcrumb\":{\"@id\":\"https:\/\/www.traminerhof.it\/lage\/#breadcrumb\"},\"inLanguage\":\"it-IT\",\"potentialAction\":[{\"@type\":\"ReadAction\",\"target\":[\"https:\/\/www.traminerhof.it\/lage\/\"]}]},{\"@type\":\"ImageObject\",\"inLanguage\":\"it-IT\",\"@id\":\"https:\/\/www.traminerhof.it\/lage\/#primaryimage\",\"url\":\"https:\/\/www.traminerhof.it\/wp-content\/uploads\/2020\/05\/anreise-mit-auto-1.jpg-1-1170x781.jpg\",\"contentUrl\":\"https:\/\/www.traminerhof.it\/wp-content\/uploads\/2020\/05\/anreise-mit-auto-1.jpg-1-1170x781.jpg\"},{\"@type\":\"BreadcrumbList\",\"@id\":\"https:\/\/www.traminerhof.it\/lage\/#breadcrumb\",\"itemListElement\":[{\"@type\":\"ListItem\",\"position\":1,\"name\":\"Home\",\"item\":\"https:\/\/www.traminerhof.it\/it\/\"},{\"@type\":\"ListItem\",\"position\":2,\"name\":\"Posizione\"}]},{\"@type\":\"WebSite\",\"@id\":\"https:\/\/www.traminerhof.it\/#website\",\"url\":\"https:\/\/www.traminerhof.it\/\",\"name\":\"Traminerhof\",\"description\":\"Good Life. Cool Ride.\",\"potentialAction\":[{\"@type\":\"SearchAction\",\"target\":{\"@type\":\"EntryPoint\",\"urlTemplate\":\"https:\/\/www.traminerhof.it\/?s={search_term_string}\"},\"query-input\":\"required name=search_term_string\"}],\"inLanguage\":\"it-IT\"}]}<\/script>\n<!-- \/ Yoast SEO plugin. -->","yoast_head_json":{"title":"Posizione | Traminerhof","robots":{"index":"index","follow":"follow","max-snippet":"max-snippet:-1","max-image-preview":"max-image-preview:large","max-video-preview":"max-video-preview:-1"},"canonical":"https:\/\/www.traminerhof.it\/lage\/","og_locale":"it_IT","og_type":"article","og_title":"Posizione | Traminerhof","og_description":"Posizione Come raggiungerci Adresse Hotel TRAMINERHOFStrada del Vino 43I-39040 TermenoTelefono +39 0471 860384Fax +39 0471 860844info@traminerhof.it Termeno sulla Strada del Vino dell&#8217;Alto Adige (3.200 abitanti), si trova ad un&#8217;altitudine di 276 m, 4 km dal Lago di Caldaro, 23 km a sud di Bolzano e 45 km a sud di Merano, 300 km da Monaco, [&hellip;]","og_url":"https:\/\/www.traminerhof.it\/lage\/","og_site_name":"Traminerhof","article_modified_time":"2022-05-07T06:19:14+00:00","og_image":[{"url":"https:\/\/www.traminerhof.it\/wp-content\/uploads\/2020\/05\/anreise-mit-auto-1.jpg-1-1170x781.jpg"}],"twitter_card":"summary_large_image","twitter_misc":{"Tempo di lettura stimato":"1 minuto"},"schema":{"@context":"https:\/\/schema.org","@graph":[{"@type":"WebPage","@id":"https:\/\/www.traminerhof.it\/lage\/","url":"https:\/\/www.traminerhof.it\/lage\/","name":"Posizione | Traminerhof","isPartOf":{"@id":"https:\/\/www.traminerhof.it\/#website"},"primaryImageOfPage":{"@id":"https:\/\/www.traminerhof.it\/lage\/#primaryimage"},"image":{"@id":"https:\/\/www.traminerhof.it\/lage\/#primaryimage"},"thumbnailUrl":"https:\/\/www.traminerhof.it\/wp-content\/uploads\/2020\/05\/anreise-mit-auto-1.jpg-1-1170x781.jpg","datePublished":"2020-06-06T05:19:11+00:00","dateModified":"2022-05-07T06:19:14+00:00","breadcrumb":{"@id":"https:\/\/www.traminerhof.it\/lage\/#breadcrumb"},"inLanguage":"it-IT","potentialAction":[{"@type":"ReadAction","target":["https:\/\/www.traminerhof.it\/lage\/"]}]},{"@type":"ImageObject","inLanguage":"it-IT","@id":"https:\/\/www.traminerhof.it\/lage\/#primaryimage","url":"https:\/\/www.traminerhof.it\/wp-content\/uploads\/2020\/05\/anreise-mit-auto-1.jpg-1-1170x781.jpg","contentUrl":"https:\/\/www.traminerhof.it\/wp-content\/uploads\/2020\/05\/anreise-mit-auto-1.jpg-1-1170x781.jpg"},{"@type":"BreadcrumbList","@id":"https:\/\/www.traminerhof.it\/lage\/#breadcrumb","itemListElement":[{"@type":"ListItem","position":1,"name":"Home","item":"https:\/\/www.traminerhof.it\/it\/"},{"@type":"ListItem","position":2,"name":"Posizione"}]},{"@type":"WebSite","@id":"https:\/\/www.traminerhof.it\/#website","url":"https:\/\/www.traminerhof.it\/","name":"Traminerhof","description":"Good Life. Cool Ride.","potentialAction":[{"@type":"SearchAction","target":{"@type":"EntryPoint","urlTemplate":"https:\/\/www.traminerhof.it\/?s={search_term_string}"},"query-input":"required name=search_term_string"}],"inLanguage":"it-IT"}]}},"_links":{"self":[{"href":"https:\/\/www.traminerhof.it\/it\/wp-json\/wp\/v2\/pages\/9426"}],"collection":[{"href":"https:\/\/www.traminerhof.it\/it\/wp-json\/wp\/v2\/pages"}],"about":[{"href":"https:\/\/www.traminerhof.it\/it\/wp-json\/wp\/v2\/types\/page"}],"author":[{"embeddable":true,"href":"https:\/\/www.traminerhof.it\/it\/wp-json\/wp\/v2\/users\/1"}],"replies":[{"embeddable":true,"href":"https:\/\/www.traminerhof.it\/it\/wp-json\/wp\/v2\/comments?post=9426"}],"version-history":[{"count":4,"href":"https:\/\/www.traminerhof.it\/it\/wp-json\/wp\/v2\/pages\/9426\/revisions"}],"predecessor-version":[{"id":16862,"href":"https:\/\/www.traminerhof.it\/it\/wp-json\/wp\/v2\/pages\/9426\/revisions\/16862"}],"wp:attachment":[{"href":"https:\/\/www.traminerhof.it\/it\/wp-json\/wp\/v2\/media?parent=9426"}],"wp:term":[{"taxonomy":"seite_kategorien","embeddable":true,"href":"https:\/\/www.traminerhof.it\/it\/wp-json\/wp\/v2\/seite_kategorien?post=9426"}],"curies":[{"name":"wp","href":"https:\/\/api.w.org\/{rel}","templated":true}]}}