{"id":9206,"date":"2020-06-01T14:45:21","date_gmt":"2020-06-01T12:45:21","guid":{"rendered":"https:\/\/www.traminerhof.it\/?page_id=9206"},"modified":"2022-04-06T16:28:36","modified_gmt":"2022-04-06T14:28:36","slug":"cgc","status":"publish","type":"page","link":"https:\/\/www.traminerhof.it\/it\/cgc\/","title":{"rendered":"CGC"},"content":{"rendered":"\n<h1 class=\"has-text-align-center breiteExtraSchmal wp-block-heading\">CGC<\/h1>\n\n\n\n<h2 class=\"has-text-align-center breiteExtraSchmal wp-block-heading\"> <strong>Condizioni generali di contratto<\/strong><\/h2>\n\n\n\n<h1 class=\"has-text-align-center breiteSchmal wp-block-heading\">  <strong>Condizioni generali di contratto<\/strong> <\/h1>\n\n\n\n<p class=\"breiteSchmal\">Completando il processo di prenotazione, l&#8217;utente conferma di aver letto e compreso i termini e le condizioni di seguito riportati e di accettarli e di riconoscerne la piena validit\u00e0 legale.<\/p>\n\n\n\n<h1 class=\"has-text-align-center breiteSchmal wp-block-heading\">Prezzi<\/h1>\n\n\n\n<p class=\"breiteSchmal\">Noti che dal 01.01.2014 \u00e8 entrata in vigore la tassa di soggiorno, che NON \u00e8 inclusa nei prezzi indicati. L&#8217;imposta locale deve essere pagata direttamente in loco.<\/p>\n\n\n\n<p class=\"breiteSchmal\">Le nostre camere possono essere prenotate anche ad uso singolo. C&#8217;\u00e8 un supplemento di \u20ac 29,- a notte.<\/p>\n\n\n\n<p class=\"breiteSchmal\">Ogni 3 adulti in camera riceve uno sconto del 30%.<\/p>\n\n\n\n<p class=\"breiteSchmal\">Se prenotate solo con colazione, saranno detratti \u20ac 20,- a persona dal prezzo della mezza pensione.<\/p>\n\n\n\n<h1 class=\"has-text-align-center breiteSchmal wp-block-heading\">schemi delle camere<\/h1>\n\n\n\n<p class=\"breiteSchmal\">Gli schemi delle camere possono variare da una camera all&#8217;altra.<\/p>\n\n\n\n<h1 class=\"has-text-align-center breiteSchmal wp-block-heading\">Opzioni di pagamento<\/h1>\n\n\n\n<p class=\"breiteSchmal\">Prenotazione con carta di credito: La tua carta di credito verr\u00e0 utilizzata solo per addebitare il tuo deposito o il prezzo del tuo soggiorno e i dati della tua carta di credito non verranno memorizzati o trasmessi per altri scopi.<\/p>\n\n\n\n<p class=\"breiteSchmal\">Prenotazione con caparra: Al momento della prenotazione, riceverai una richiesta di trasferimento. La caparra deve essere trasferito entro 10 giorni sul seguente conto: <\/p>\n\n\n\n<p class=\"breiteSchmal\">Raiffeisenkasse \u00dcberetsch<br>Filiale Tramin<br>Hotel Traminerhof<br>Pomella Margarethe &amp; Co. OHG<br>IBAN IT 36 G 08255 58970 000305000335<br>SWIFT-BIC RZSBIT21548<\/p>\n\n\n\n<p class=\"breiteSchmal\">Si prega di inserire il nome, il periodo di prenotazione e il numero di prenotazione nel campo dei commenti.<br>L&#8217;importo rimanente sar\u00e0 saldato in l&#8217;hotel. <\/p>\n\n\n\n<h1 class=\"has-text-align-center breiteSchmal wp-block-heading\">Cancellazione<\/h1>\n\n\n\n<p class=\"breiteSchmal\">Fino a 30 giorni prima dell\u2019arrivo, la prenotazione pu\u00f2 essere cancellata gratuitamente. Tra 30 giorni e 14 giorni, verr\u00e0 addebitato il 30% dell\u2019importo totale.<br>Le cancellazioni effettuate entro 13 giorni dall\u2019arrivo comportano un addebito del 90% dell\u2019importo totale prenotato.<br>In caso di partenza anticipata, arrivo ritardato o no-show, le spese di cancellazione del 100% della prenotazione.<\/p>\n\n\n\n<h1 class=\"has-text-align-center wp-block-heading\">Assicurazione storno viaggi<\/h1>\n\n\n\n<p class=\"breiteSchmal\">Raccomandiamo di fare un&#8217;assicurazione storno viaggi<\/p>\n\n\n\n<h1 class=\"has-text-align-center breiteSchmal wp-block-heading\">Altro<\/h1>\n\n\n\n<p class=\"breiteSchmal\">Le presenti condizioni generali di contratto e la fornitura dei nostri servizi sono disciplinate e saranno interpretate in conformit\u00e0 alla legge italiana. Per tutte le controversie derivanti da o in relazione alle presenti condizioni generali di contratto e alla fornitura dei nostri servizi, il foro competente esclusivo \u00e8 Bolzano (Italia).<\/p>\n\n\n\n<p class=\"breiteSchmal\">Se una delle disposizioni del presente contratto \u00e8 o diventa invalida, tutte le altre disposizioni applicabili alle parti contraenti rimangono invariate.<\/p>\n\n\n\n<h1 class=\"has-text-align-center breiteSchmal wp-block-heading\">Concorsi su Instagram<\/h1>\n\n\n\n<p class=\"breiteSchmal\">I nostri concorsi su Instagram non sono affiliati a Instagram e non sono in alcun modo sponsorizzati, approvati o organizzati da Instagram. Il destinatario delle informazioni fornite dal partecipante non \u00e8 Instagram, ma l&#8217;Hotel Traminerhof, Strada del Vino 43, 39040 Termeno, in qualit\u00e0 di gestore del conto Traminerhof Instagram. Le informazioni fornite saranno utilizzate solo per il concorso.<\/p>\n","protected":false},"excerpt":{"rendered":"<p>CGC Condizioni generali di contratto Condizioni generali di contratto Completando il processo di prenotazione, l&#8217;utente conferma di aver letto e compreso i termini e le condizioni di seguito riportati e di accettarli e di riconoscerne la piena validit\u00e0 legale. Prezzi Noti che dal 01.01.2014 \u00e8 entrata in vigore la tassa di soggiorno, che NON \u00e8 [&hellip;]<\/p>\n","protected":false},"author":2,"featured_media":0,"parent":0,"menu_order":0,"comment_status":"closed","ping_status":"closed","template":"","meta":{"_acf_changed":false,"footnotes":"","_links_to":"","_links_to_target":""},"seite_kategorien":[],"acf":[],"yoast_head":"<!-- This site is optimized with the Yoast SEO plugin v22.6 - https:\/\/yoast.com\/wordpress\/plugins\/seo\/ -->\n<title>CGC | Traminerhof<\/title>\n<meta name=\"robots\" content=\"index, follow, max-snippet:-1, max-image-preview:large, max-video-preview:-1\" \/>\n<link rel=\"canonical\" href=\"https:\/\/www.traminerhof.it\/agb\/\" \/>\n<meta property=\"og:locale\" content=\"it_IT\" \/>\n<meta property=\"og:type\" content=\"article\" \/>\n<meta property=\"og:title\" content=\"CGC | Traminerhof\" \/>\n<meta property=\"og:description\" content=\"CGC Condizioni generali di contratto Condizioni generali di contratto Completando il processo di prenotazione, l&#8217;utente conferma di aver letto e compreso i termini e le condizioni di seguito riportati e di accettarli e di riconoscerne la piena validit\u00e0 legale. Prezzi Noti che dal 01.01.2014 \u00e8 entrata in vigore la tassa di soggiorno, che NON \u00e8 [&hellip;]\" \/>\n<meta property=\"og:url\" content=\"https:\/\/www.traminerhof.it\/agb\/\" \/>\n<meta property=\"og:site_name\" content=\"Traminerhof\" \/>\n<meta property=\"article:modified_time\" content=\"2022-04-06T14:28:36+00:00\" \/>\n<meta name=\"twitter:card\" content=\"summary_large_image\" \/>\n<meta name=\"twitter:label1\" content=\"Tempo di lettura stimato\" \/>\n\t<meta name=\"twitter:data1\" content=\"2 minuti\" \/>\n<script type=\"application\/ld+json\" class=\"yoast-schema-graph\">{\"@context\":\"https:\/\/schema.org\",\"@graph\":[{\"@type\":\"WebPage\",\"@id\":\"https:\/\/www.traminerhof.it\/agb\/\",\"url\":\"https:\/\/www.traminerhof.it\/agb\/\",\"name\":\"CGC | Traminerhof\",\"isPartOf\":{\"@id\":\"https:\/\/www.traminerhof.it\/#website\"},\"datePublished\":\"2020-06-01T12:45:21+00:00\",\"dateModified\":\"2022-04-06T14:28:36+00:00\",\"breadcrumb\":{\"@id\":\"https:\/\/www.traminerhof.it\/agb\/#breadcrumb\"},\"inLanguage\":\"it-IT\",\"potentialAction\":[{\"@type\":\"ReadAction\",\"target\":[\"https:\/\/www.traminerhof.it\/agb\/\"]}]},{\"@type\":\"BreadcrumbList\",\"@id\":\"https:\/\/www.traminerhof.it\/agb\/#breadcrumb\",\"itemListElement\":[{\"@type\":\"ListItem\",\"position\":1,\"name\":\"Home\",\"item\":\"https:\/\/www.traminerhof.it\/it\/\"},{\"@type\":\"ListItem\",\"position\":2,\"name\":\"CGC\"}]},{\"@type\":\"WebSite\",\"@id\":\"https:\/\/www.traminerhof.it\/#website\",\"url\":\"https:\/\/www.traminerhof.it\/\",\"name\":\"Traminerhof\",\"description\":\"Good Life. Cool Ride.\",\"potentialAction\":[{\"@type\":\"SearchAction\",\"target\":{\"@type\":\"EntryPoint\",\"urlTemplate\":\"https:\/\/www.traminerhof.it\/?s={search_term_string}\"},\"query-input\":\"required name=search_term_string\"}],\"inLanguage\":\"it-IT\"}]}<\/script>\n<!-- \/ Yoast SEO plugin. -->","yoast_head_json":{"title":"CGC | Traminerhof","robots":{"index":"index","follow":"follow","max-snippet":"max-snippet:-1","max-image-preview":"max-image-preview:large","max-video-preview":"max-video-preview:-1"},"canonical":"https:\/\/www.traminerhof.it\/agb\/","og_locale":"it_IT","og_type":"article","og_title":"CGC | Traminerhof","og_description":"CGC Condizioni generali di contratto Condizioni generali di contratto Completando il processo di prenotazione, l&#8217;utente conferma di aver letto e compreso i termini e le condizioni di seguito riportati e di accettarli e di riconoscerne la piena validit\u00e0 legale. Prezzi Noti che dal 01.01.2014 \u00e8 entrata in vigore la tassa di soggiorno, che NON \u00e8 [&hellip;]","og_url":"https:\/\/www.traminerhof.it\/agb\/","og_site_name":"Traminerhof","article_modified_time":"2022-04-06T14:28:36+00:00","twitter_card":"summary_large_image","twitter_misc":{"Tempo di lettura stimato":"2 minuti"},"schema":{"@context":"https:\/\/schema.org","@graph":[{"@type":"WebPage","@id":"https:\/\/www.traminerhof.it\/agb\/","url":"https:\/\/www.traminerhof.it\/agb\/","name":"CGC | Traminerhof","isPartOf":{"@id":"https:\/\/www.traminerhof.it\/#website"},"datePublished":"2020-06-01T12:45:21+00:00","dateModified":"2022-04-06T14:28:36+00:00","breadcrumb":{"@id":"https:\/\/www.traminerhof.it\/agb\/#breadcrumb"},"inLanguage":"it-IT","potentialAction":[{"@type":"ReadAction","target":["https:\/\/www.traminerhof.it\/agb\/"]}]},{"@type":"BreadcrumbList","@id":"https:\/\/www.traminerhof.it\/agb\/#breadcrumb","itemListElement":[{"@type":"ListItem","position":1,"name":"Home","item":"https:\/\/www.traminerhof.it\/it\/"},{"@type":"ListItem","position":2,"name":"CGC"}]},{"@type":"WebSite","@id":"https:\/\/www.traminerhof.it\/#website","url":"https:\/\/www.traminerhof.it\/","name":"Traminerhof","description":"Good Life. Cool Ride.","potentialAction":[{"@type":"SearchAction","target":{"@type":"EntryPoint","urlTemplate":"https:\/\/www.traminerhof.it\/?s={search_term_string}"},"query-input":"required name=search_term_string"}],"inLanguage":"it-IT"}]}},"_links":{"self":[{"href":"https:\/\/www.traminerhof.it\/it\/wp-json\/wp\/v2\/pages\/9206"}],"collection":[{"href":"https:\/\/www.traminerhof.it\/it\/wp-json\/wp\/v2\/pages"}],"about":[{"href":"https:\/\/www.traminerhof.it\/it\/wp-json\/wp\/v2\/types\/page"}],"author":[{"embeddable":true,"href":"https:\/\/www.traminerhof.it\/it\/wp-json\/wp\/v2\/users\/2"}],"replies":[{"embeddable":true,"href":"https:\/\/www.traminerhof.it\/it\/wp-json\/wp\/v2\/comments?post=9206"}],"version-history":[{"count":7,"href":"https:\/\/www.traminerhof.it\/it\/wp-json\/wp\/v2\/pages\/9206\/revisions"}],"predecessor-version":[{"id":16491,"href":"https:\/\/www.traminerhof.it\/it\/wp-json\/wp\/v2\/pages\/9206\/revisions\/16491"}],"wp:attachment":[{"href":"https:\/\/www.traminerhof.it\/it\/wp-json\/wp\/v2\/media?parent=9206"}],"wp:term":[{"taxonomy":"seite_kategorien","embeddable":true,"href":"https:\/\/www.traminerhof.it\/it\/wp-json\/wp\/v2\/seite_kategorien?post=9206"}],"curies":[{"name":"wp","href":"https:\/\/api.w.org\/{rel}","templated":true}]}}