{"id":9078,"date":"2020-05-30T15:05:41","date_gmt":"2020-05-30T13:05:41","guid":{"rendered":"https:\/\/www.traminerhof.it\/?page_id=9078"},"modified":"2026-03-11T13:13:43","modified_gmt":"2026-03-11T12:13:43","slug":"bike","status":"publish","type":"page","link":"https:\/\/www.traminerhof.it\/it\/bike\/","title":{"rendered":"Bike"},"content":{"rendered":"<script>\njQuery(document).ready(function($) {\n\t\n\t\t\t$('.slick-dimizu_slickcarousel-block_532585c8f2c003d28d5b41cf0f2c1aff').slick({\n\t\t\t\tslidesToShow: 1, \n\t\t\t\tslidesToScroll: 1, \n\t\t\t\tdots: false,\n\t\t\t\tarrows: true,\n\t\t\t\tautoplay: false,\n\t\t\t});\n  \n}); \n<\/script>\n<div class=\"slick-wrapper  mt-neg-30 \">\n  <div id=\"dimizu_slickcarousel-block_532585c8f2c003d28d5b41cf0f2c1aff\" class=\"dimizu_slickcarousel  kopfSlider\">\n    <div class=\"container p-0\">\n        \n      <div class=\"slick-titelGlobal\">\n        <div class=\"container\">\n          <div>La passione di andare in bici<\/div>\n        <\/div>\n      <\/div>\n        <div class=\"slick-dimizu_slickcarousel-block_532585c8f2c003d28d5b41cf0f2c1aff\"> \n    <div class=\"dimizu_slickcarousel_wrapper\">\n        <a  href=\"https:\/\/www.traminerhof.it\/wp-content\/uploads\/2019\/11\/tramin_andreas-meyer-wom-medien-6.jpg\" class=\"dimizu_slickcarousel_imagelink\">\n          <img decoding=\"async\" src=\"https:\/\/www.traminerhof.it\/wp-content\/uploads\/2019\/11\/tramin_andreas-meyer-wom-medien-6-1170x780.jpg\" alt=\"Powertrail - Foto: WOM Medien, Andreas Meyer\" class=\"img-fluid\">\n        <\/a>\n          \n                  \n\n    <\/div>\n    \n    <div class=\"dimizu_slickcarousel_wrapper\">\n        <a  href=\"https:\/\/www.traminerhof.it\/wp-content\/uploads\/2019\/02\/Klemens-Koenig-Lines-Magazin.jpg\" class=\"dimizu_slickcarousel_imagelink\">\n          <img decoding=\"async\" src=\"https:\/\/www.traminerhof.it\/wp-content\/uploads\/2019\/02\/Klemens-Koenig-Lines-Magazin-1170x780.jpg\" alt=\"Bike-Tour Roen\" class=\"img-fluid\">\n        <\/a>\n          \n                  \n\n    <\/div>\n    \n    <div class=\"dimizu_slickcarousel_wrapper\">\n        <a  href=\"https:\/\/www.traminerhof.it\/wp-content\/uploads\/2020\/04\/rennrad-tramin-2014-zugeschnitten-andreas-meyer-10.jpg\" class=\"dimizu_slickcarousel_imagelink\">\n          <img decoding=\"async\" src=\"https:\/\/www.traminerhof.it\/wp-content\/uploads\/2020\/04\/rennrad-tramin-2014-zugeschnitten-andreas-meyer-10-1170x779.jpg\" alt=\"\" class=\"img-fluid\">\n        <\/a>\n          \n                  \n\n    <\/div>\n     <\/div>\n          <\/div>\n  <\/div>\n<\/div>\n\n\n<div class=\"wp-block-columns mt-sm-5 mt-n4 mb-5 is-layout-flex wp-container-core-columns-is-layout-1 wp-block-columns-is-layout-flex\">\n<div class=\"wp-block-column is-vertically-aligned-top is-layout-flow wp-block-column-is-layout-flow\">\n<h1 class=\"wp-block-heading has-text-align-left mt-4 mt-sm-0\">La nostra professione<\/h1>\n\n\n\n<h2 class=\"wp-block-heading has-text-align-left has-braun-color has-text-color\"><a href=\"https:\/\/www.traminerhof.it\/it\/bike\/mtb\/\">Mountain bike<\/a><\/h2>\n\n\n\n<p class=\"has-text-align-left\">Gi\u00e0 da secoli, il mountain bike \u00e8 la nostra passione. Dal 1993 condividiamo questo amore per la bicicletta con i nostri ospiti. Durante le nostre visite guidate o i nostri consigli individuali ti accorgerai: conosciamo ogni pietra della nostra regione Termeno al Lago di Caldaro.  <\/p>\n\n\n\n<div class=\"wp-block-button mb-5\"><a class=\"wp-block-button__link wp-element-button\" href=\"https:\/\/www.traminerhof.it\/it\/bike\/mtb\/\">Find the flow<\/a><\/div>\n<\/div>\n\n\n\n<div class=\"wp-block-column is-vertically-aligned-top is-layout-flow wp-block-column-is-layout-flow\">\n<figure class=\"wp-block-image size-large\"><img loading=\"lazy\" decoding=\"async\" width=\"1678\" height=\"2048\" src=\"https:\/\/www.traminerhof.it\/wp-content\/uploads\/2020\/05\/mtb.jpg\" alt=\"\" class=\"wp-image-6117\" srcset=\"https:\/\/www.traminerhof.it\/wp-content\/uploads\/2020\/05\/mtb.jpg 1678w, https:\/\/www.traminerhof.it\/wp-content\/uploads\/2020\/05\/mtb-1259x1536.jpg 1259w, https:\/\/www.traminerhof.it\/wp-content\/uploads\/2020\/05\/mtb-959x1170.jpg 959w, https:\/\/www.traminerhof.it\/wp-content\/uploads\/2020\/05\/mtb-768x937.jpg 768w, https:\/\/www.traminerhof.it\/wp-content\/uploads\/2020\/05\/mtb-479x585.jpg 479w\" sizes=\"(max-width: 1678px) 100vw, 1678px\" \/><figcaption class=\"wp-element-caption\">Foto: WOM Medien, Andreas Meyer<\/figcaption><\/figure>\n<\/div>\n<\/div>\n\n\n\n<div class=\"wp-block-group alignwide bg-white-light pt-3\"><div class=\"wp-block-group__inner-container is-layout-flow wp-block-group-is-layout-flow\">\n<figure class=\"wp-block-image size-large breiteSchmal mb-4\"><img loading=\"lazy\" decoding=\"async\" width=\"1170\" height=\"780\" src=\"https:\/\/www.traminerhof.it\/wp-content\/uploads\/2020\/05\/e-mtb-shooting-1170x780.jpg\" alt=\"\" class=\"wp-image-6200\" srcset=\"https:\/\/www.traminerhof.it\/wp-content\/uploads\/2020\/05\/e-mtb-shooting-1170x780.jpg 1170w, https:\/\/www.traminerhof.it\/wp-content\/uploads\/2020\/05\/e-mtb-shooting-992x661.jpg 992w, https:\/\/www.traminerhof.it\/wp-content\/uploads\/2020\/05\/e-mtb-shooting-1536x1024.jpg 1536w, https:\/\/www.traminerhof.it\/wp-content\/uploads\/2020\/05\/e-mtb-shooting-768x512.jpg 768w, https:\/\/www.traminerhof.it\/wp-content\/uploads\/2020\/05\/e-mtb-shooting-585x390.jpg 585w, https:\/\/www.traminerhof.it\/wp-content\/uploads\/2020\/05\/e-mtb-shooting.jpg 2048w\" sizes=\"(max-width: 1170px) 100vw, 1170px\" \/><\/figure>\n<\/div><\/div>\n\n\n\n<div class=\"wp-block-group alignwide pb-5 mb-5 has-hell-background-color has-background\"><div class=\"wp-block-group__inner-container is-layout-flow wp-block-group-is-layout-flow\">\n<h1 class=\"wp-block-heading has-text-align-center breiteExtraSchmal mt-0\">il piacere elettrizzante<\/h1>\n\n\n\n<h2 class=\"wp-block-heading has-text-align-center breiteExtraSchmal mb-5 has-braun-color has-text-color\"><a href=\"https:\/\/www.traminerhof.it\/it\/bike\/e-mtb\/\">E-mountain bike<\/a><\/h2>\n\n\n\n<p class=\"has-text-align-left breiteSchmal\">Nella nostra regione ciclistica, su i sentieri naturali c&#8217;\u00e8 poca gente. Direttamente da Termeno si pu\u00f2 pedalare in salita o in tutta tranquillit\u00e0 attraverso dolci vigneti e laghi. Accoglienti malge vi invitano a fermarvi per una pausa e ricarica del e-bike.<\/p>\n\n\n\n<div class=\"wp-block-button aligncenter\"><a class=\"wp-block-button__link wp-element-button\" href=\"https:\/\/www.traminerhof.it\/it\/bike\/e-mtb\/\">Escursione in e-bike<\/a><\/div>\n<\/div><\/div>\n\n\n\n<div class=\"wp-block-columns mt-6 mb-6 is-layout-flex wp-container-core-columns-is-layout-2 wp-block-columns-is-layout-flex\">\n<div class=\"wp-block-column is-vertically-aligned-top is-layout-flow wp-block-column-is-layout-flow\">\n<figure class=\"wp-block-image size-large\"><img loading=\"lazy\" decoding=\"async\" width=\"1678\" height=\"2048\" src=\"https:\/\/www.traminerhof.it\/wp-content\/uploads\/2020\/05\/rennrad-tramin-2014-andreas-meyer-6.jpg\" alt=\"\" class=\"wp-image-6119\" srcset=\"https:\/\/www.traminerhof.it\/wp-content\/uploads\/2020\/05\/rennrad-tramin-2014-andreas-meyer-6.jpg 1678w, https:\/\/www.traminerhof.it\/wp-content\/uploads\/2020\/05\/rennrad-tramin-2014-andreas-meyer-6-1259x1536.jpg 1259w, https:\/\/www.traminerhof.it\/wp-content\/uploads\/2020\/05\/rennrad-tramin-2014-andreas-meyer-6-959x1170.jpg 959w, https:\/\/www.traminerhof.it\/wp-content\/uploads\/2020\/05\/rennrad-tramin-2014-andreas-meyer-6-768x937.jpg 768w, https:\/\/www.traminerhof.it\/wp-content\/uploads\/2020\/05\/rennrad-tramin-2014-andreas-meyer-6-479x585.jpg 479w\" sizes=\"(max-width: 1678px) 100vw, 1678px\" \/><figcaption class=\"wp-element-caption\">Foto: WOM Medien, Andreas Meyer<\/figcaption><\/figure>\n<\/div>\n\n\n\n<div class=\"wp-block-column is-vertically-aligned-top is-layout-flow wp-block-column-is-layout-flow\">\n<h1 class=\"wp-block-heading mt-0\">Gli Artisti sulla Strada<\/h1>\n\n\n\n<h2 class=\"wp-block-heading has-braun-color has-text-color\"><a href=\"https:\/\/www.traminerhof.it\/it\/bike\/roadies\/\">Biciletta da corsa<\/a><\/h2>\n\n\n\n<p>A Termeno amiamo andare in bicicletta da corsa: una piacevole pedalata mediterranea verso il Lago di Garda o un&#8217;impegnativa salita alpina sul Passo della Mendola o sui passi dolomitici. La nostra posizione al sud della valle ti risparmia i fastidiosi metri d&#8217;altitudine alla partenza e all&#8217;arrivo, e ti consente una stagione ciclistica XXL da marzo fino a novembre.<\/p>\n\n\n\n<div class=\"wp-block-button alignleft\"><a class=\"wp-block-button__link wp-element-button\" href=\"https:\/\/www.traminerhof.it\/it\/bike\/roadies\/\">Hit the road<\/a><\/div>\n<\/div>\n<\/div>\n\n\n\n<figure class=\"wp-block-image size-large breiteSchmal mb-4\"><img loading=\"lazy\" decoding=\"async\" width=\"1170\" height=\"781\" src=\"https:\/\/www.traminerhof.it\/wp-content\/uploads\/2020\/05\/e-mtb-shooting_-1170x781.jpg\" alt=\"\" class=\"wp-image-6203\" srcset=\"https:\/\/www.traminerhof.it\/wp-content\/uploads\/2020\/05\/e-mtb-shooting_-1170x781.jpg 1170w, https:\/\/www.traminerhof.it\/wp-content\/uploads\/2020\/05\/e-mtb-shooting_-992x661.jpg 992w, https:\/\/www.traminerhof.it\/wp-content\/uploads\/2020\/05\/e-mtb-shooting_-1536x1025.jpg 1536w, https:\/\/www.traminerhof.it\/wp-content\/uploads\/2020\/05\/e-mtb-shooting_-768x513.jpg 768w, https:\/\/www.traminerhof.it\/wp-content\/uploads\/2020\/05\/e-mtb-shooting_-585x390.jpg 585w, https:\/\/www.traminerhof.it\/wp-content\/uploads\/2020\/05\/e-mtb-shooting_.jpg 2048w\" sizes=\"(max-width: 1170px) 100vw, 1170px\" \/><\/figure>\n\n\n\n<h1 class=\"wp-block-heading has-text-align-center breiteSchmal mt-1\">Dolce vita by bike<\/h1>\n\n\n\n<h2 class=\"wp-block-heading has-text-align-center breiteSchmal mb-5 has-braun-color has-text-color\"><a href=\"https:\/\/www.traminerhof.it\/it\/bike\/ciclisti-gourmet\/\" target=\"_blank\" rel=\"noreferrer noopener\">Ciclisti e buongustai<\/a><\/h2>\n\n\n\n<p class=\"has-text-align-left breiteSchmal\">Noi altoatesini amiamo essere attivi, ma il nostro amore per il piacere \u00e8 altrettanto grande. Per questo ci piace addolcire un piacevole giro in bicicletta lungo le piste ciclabili della valle con un cappuccino sulla Piazza, un bicchiere di vino in cantina, un po&#8217; di cultura all&#8217;Haderburg, i famosi candederli sulla malga e un tuffo al Lago di Caldaro. <\/p>\n\n\n\n<div class=\"wp-block-button breiteSchmal mb-5 aligncenter\"><a class=\"wp-block-button__link wp-element-button\" href=\"https:\/\/www.traminerhof.it\/it\/bike\/ciclisti-gourmet\/\" target=\"_blank\" rel=\"noreferrer noopener\">Ne vuoi di pi\u00f9?<\/a><\/div>\n\n\n\n<div class=\"wp-block-columns mt-6 mt-sm-7 mb-7 is-layout-flex wp-container-core-columns-is-layout-3 wp-block-columns-is-layout-flex\">\n<div class=\"wp-block-column is-vertically-aligned-top is-layout-flow wp-block-column-is-layout-flow\">\n<figure class=\"wp-block-image size-large\"><img loading=\"lazy\" decoding=\"async\" width=\"1678\" height=\"2048\" src=\"https:\/\/www.traminerhof.it\/wp-content\/uploads\/2020\/05\/tramin_andreas-meyer_wom-medien-gmbh__11.jpg\" alt=\"\" class=\"wp-image-6122\" srcset=\"https:\/\/www.traminerhof.it\/wp-content\/uploads\/2020\/05\/tramin_andreas-meyer_wom-medien-gmbh__11.jpg 1678w, https:\/\/www.traminerhof.it\/wp-content\/uploads\/2020\/05\/tramin_andreas-meyer_wom-medien-gmbh__11-1259x1536.jpg 1259w, https:\/\/www.traminerhof.it\/wp-content\/uploads\/2020\/05\/tramin_andreas-meyer_wom-medien-gmbh__11-959x1170.jpg 959w, https:\/\/www.traminerhof.it\/wp-content\/uploads\/2020\/05\/tramin_andreas-meyer_wom-medien-gmbh__11-768x937.jpg 768w, https:\/\/www.traminerhof.it\/wp-content\/uploads\/2020\/05\/tramin_andreas-meyer_wom-medien-gmbh__11-479x585.jpg 479w\" sizes=\"(max-width: 1678px) 100vw, 1678px\" \/><figcaption class=\"wp-element-caption\"> <em>Foto: WOM Medien, Andreas Meyer<\/em> <\/figcaption><\/figure>\n<\/div>\n\n\n\n<div class=\"wp-block-column is-vertically-aligned-top mb-1 is-layout-flow wp-block-column-is-layout-flow\">\n<h1 class=\"wp-block-heading mt-0\">best-of<\/h1>\n\n\n\n<h2 class=\"wp-block-heading has-braun-color has-text-color\"><a href=\"https:\/\/www.traminerhof.it\/it\/bike\/touren\/\">I nostri consigli<\/a><\/h2>\n\n\n\n<p>Stai cercando un tour in bici da corsa o in mountain bike, con o senza motore elettrico?  Noi li abbiamo tutti &#8211; i consigli perfetti per il tuo tour individuale. Perch\u00e9 lo sappiamo? Ogni tour \u00e8 stato guidato da noi stesso. <\/p>\n\n\n\n<div class=\"wp-block-button\"><a class=\"wp-block-button__link wp-element-button\" href=\"https:\/\/www.traminerhof.it\/it\/bike\/touren\/\">consigli tour<\/a><\/div>\n<\/div>\n<\/div>\n\n\n\n<div class=\"wp-block-columns mt-3 is-layout-flex wp-container-core-columns-is-layout-4 wp-block-columns-is-layout-flex\">\n<div class=\"wp-block-column is-layout-flow wp-block-column-is-layout-flow\">\n<h1 class=\"wp-block-heading\">Che bei ricordi<\/h1>\n\n\n\n<h2 class=\"wp-block-heading has-braun-color has-text-color\"><a href=\"https:\/\/www.traminerhof.it\/it\/downloads\/\">Fotobox<\/a><\/h2>\n\n\n\n<p>Affinch\u00e9 puoi mostrare alla tua famiglia e ai tuoi amici le fantastiche istantanee dei tour guidati in mountain bike o semplicemente salvarle come ricordo, ti diamo la possibilit\u00e0 di scaricare le foto qui.<\/p>\n\n\n\n<div class=\"wp-block-buttons is-layout-flex wp-block-buttons-is-layout-flex\">\n<div class=\"wp-block-button\"><a class=\"wp-block-button__link wp-element-button\" href=\"https:\/\/www.traminerhof.it\/it\/downloads\/\">fotobox<\/a><\/div>\n<\/div>\n<\/div>\n\n\n\n<div class=\"wp-block-column is-layout-flow wp-block-column-is-layout-flow\">\n<figure class=\"wp-block-image size-large\"><img loading=\"lazy\" decoding=\"async\" width=\"959\" height=\"1170\" src=\"https:\/\/www.traminerhof.it\/wp-content\/uploads\/2020\/05\/e-mtb-shooting-foto_fabian-pomella_14-959x1170.jpg\" alt=\"\" class=\"wp-image-6176\" srcset=\"https:\/\/www.traminerhof.it\/wp-content\/uploads\/2020\/05\/e-mtb-shooting-foto_fabian-pomella_14-959x1170.jpg 959w, https:\/\/www.traminerhof.it\/wp-content\/uploads\/2020\/05\/e-mtb-shooting-foto_fabian-pomella_14-1259x1536.jpg 1259w, https:\/\/www.traminerhof.it\/wp-content\/uploads\/2020\/05\/e-mtb-shooting-foto_fabian-pomella_14-768x937.jpg 768w, https:\/\/www.traminerhof.it\/wp-content\/uploads\/2020\/05\/e-mtb-shooting-foto_fabian-pomella_14-479x585.jpg 479w, https:\/\/www.traminerhof.it\/wp-content\/uploads\/2020\/05\/e-mtb-shooting-foto_fabian-pomella_14.jpg 1678w\" sizes=\"(max-width: 959px) 100vw, 959px\" \/><\/figure>\n<\/div>\n<\/div>\n","protected":false},"excerpt":{"rendered":"<p>La nostra professione Mountain bike Gi\u00e0 da secoli, il mountain bike \u00e8 la nostra passione. Dal 1993 condividiamo questo amore per la bicicletta con i nostri ospiti. Durante le nostre visite guidate o i nostri consigli individuali ti accorgerai: conosciamo ogni pietra della nostra regione Termeno al Lago di Caldaro. il piacere elettrizzante E-mountain bike [&hellip;]<\/p>\n","protected":false},"author":2,"featured_media":6143,"parent":0,"menu_order":0,"comment_status":"closed","ping_status":"closed","template":"","meta":{"_acf_changed":false,"footnotes":"","_links_to":"","_links_to_target":""},"seite_kategorien":[57],"acf":[],"yoast_head":"<!-- This site is optimized with the Yoast SEO plugin v22.6 - https:\/\/yoast.com\/wordpress\/plugins\/seo\/ -->\n<title>Bike | Traminerhof<\/title>\n<meta name=\"robots\" content=\"index, follow, max-snippet:-1, max-image-preview:large, max-video-preview:-1\" \/>\n<link rel=\"canonical\" href=\"https:\/\/www.traminerhof.it\/it\/bike\/\" \/>\n<meta property=\"og:locale\" content=\"it_IT\" \/>\n<meta property=\"og:type\" content=\"article\" \/>\n<meta property=\"og:title\" content=\"Bike | Traminerhof\" \/>\n<meta property=\"og:description\" content=\"La nostra professione Mountain bike Gi\u00e0 da secoli, il mountain bike \u00e8 la nostra passione. Dal 1993 condividiamo questo amore per la bicicletta con i nostri ospiti. Durante le nostre visite guidate o i nostri consigli individuali ti accorgerai: conosciamo ogni pietra della nostra regione Termeno al Lago di Caldaro. il piacere elettrizzante E-mountain bike [&hellip;]\" \/>\n<meta property=\"og:url\" content=\"https:\/\/www.traminerhof.it\/it\/bike\/\" \/>\n<meta property=\"og:site_name\" content=\"Traminerhof\" \/>\n<meta property=\"article:modified_time\" content=\"2026-03-11T12:13:43+00:00\" \/>\n<meta property=\"og:image\" content=\"https:\/\/www.traminerhof.it\/wp-content\/uploads\/2020\/05\/powertrail.jpg\" \/>\n\t<meta property=\"og:image:width\" content=\"1678\" \/>\n\t<meta property=\"og:image:height\" content=\"2048\" \/>\n\t<meta property=\"og:image:type\" content=\"image\/jpeg\" \/>\n<meta name=\"twitter:card\" content=\"summary_large_image\" \/>\n<meta name=\"twitter:label1\" content=\"Tempo di lettura stimato\" \/>\n\t<meta name=\"twitter:data1\" content=\"4 minuti\" \/>\n<script type=\"application\/ld+json\" class=\"yoast-schema-graph\">{\"@context\":\"https:\/\/schema.org\",\"@graph\":[{\"@type\":\"WebPage\",\"@id\":\"https:\/\/www.traminerhof.it\/it\/bike\/\",\"url\":\"https:\/\/www.traminerhof.it\/it\/bike\/\",\"name\":\"Bike | Traminerhof\",\"isPartOf\":{\"@id\":\"https:\/\/www.traminerhof.it\/#website\"},\"primaryImageOfPage\":{\"@id\":\"https:\/\/www.traminerhof.it\/it\/bike\/#primaryimage\"},\"image\":{\"@id\":\"https:\/\/www.traminerhof.it\/it\/bike\/#primaryimage\"},\"thumbnailUrl\":\"https:\/\/www.traminerhof.it\/wp-content\/uploads\/2020\/05\/powertrail.jpg\",\"datePublished\":\"2020-05-30T13:05:41+00:00\",\"dateModified\":\"2026-03-11T12:13:43+00:00\",\"breadcrumb\":{\"@id\":\"https:\/\/www.traminerhof.it\/it\/bike\/#breadcrumb\"},\"inLanguage\":\"it-IT\",\"potentialAction\":[{\"@type\":\"ReadAction\",\"target\":[\"https:\/\/www.traminerhof.it\/it\/bike\/\"]}]},{\"@type\":\"ImageObject\",\"inLanguage\":\"it-IT\",\"@id\":\"https:\/\/www.traminerhof.it\/it\/bike\/#primaryimage\",\"url\":\"https:\/\/www.traminerhof.it\/wp-content\/uploads\/2020\/05\/powertrail.jpg\",\"contentUrl\":\"https:\/\/www.traminerhof.it\/wp-content\/uploads\/2020\/05\/powertrail.jpg\",\"width\":1678,\"height\":2048,\"caption\":\"Powertrail\"},{\"@type\":\"BreadcrumbList\",\"@id\":\"https:\/\/www.traminerhof.it\/it\/bike\/#breadcrumb\",\"itemListElement\":[{\"@type\":\"ListItem\",\"position\":1,\"name\":\"Home\",\"item\":\"https:\/\/www.traminerhof.it\/it\/\"},{\"@type\":\"ListItem\",\"position\":2,\"name\":\"Bike\"}]},{\"@type\":\"WebSite\",\"@id\":\"https:\/\/www.traminerhof.it\/#website\",\"url\":\"https:\/\/www.traminerhof.it\/\",\"name\":\"Traminerhof\",\"description\":\"Good Life. Cool Ride.\",\"potentialAction\":[{\"@type\":\"SearchAction\",\"target\":{\"@type\":\"EntryPoint\",\"urlTemplate\":\"https:\/\/www.traminerhof.it\/?s={search_term_string}\"},\"query-input\":\"required name=search_term_string\"}],\"inLanguage\":\"it-IT\"}]}<\/script>\n<!-- \/ Yoast SEO plugin. -->","yoast_head_json":{"title":"Bike | Traminerhof","robots":{"index":"index","follow":"follow","max-snippet":"max-snippet:-1","max-image-preview":"max-image-preview:large","max-video-preview":"max-video-preview:-1"},"canonical":"https:\/\/www.traminerhof.it\/it\/bike\/","og_locale":"it_IT","og_type":"article","og_title":"Bike | Traminerhof","og_description":"La nostra professione Mountain bike Gi\u00e0 da secoli, il mountain bike \u00e8 la nostra passione. Dal 1993 condividiamo questo amore per la bicicletta con i nostri ospiti. Durante le nostre visite guidate o i nostri consigli individuali ti accorgerai: conosciamo ogni pietra della nostra regione Termeno al Lago di Caldaro. il piacere elettrizzante E-mountain bike [&hellip;]","og_url":"https:\/\/www.traminerhof.it\/it\/bike\/","og_site_name":"Traminerhof","article_modified_time":"2026-03-11T12:13:43+00:00","og_image":[{"width":1678,"height":2048,"url":"https:\/\/www.traminerhof.it\/wp-content\/uploads\/2020\/05\/powertrail.jpg","type":"image\/jpeg"}],"twitter_card":"summary_large_image","twitter_misc":{"Tempo di lettura stimato":"4 minuti"},"schema":{"@context":"https:\/\/schema.org","@graph":[{"@type":"WebPage","@id":"https:\/\/www.traminerhof.it\/it\/bike\/","url":"https:\/\/www.traminerhof.it\/it\/bike\/","name":"Bike | Traminerhof","isPartOf":{"@id":"https:\/\/www.traminerhof.it\/#website"},"primaryImageOfPage":{"@id":"https:\/\/www.traminerhof.it\/it\/bike\/#primaryimage"},"image":{"@id":"https:\/\/www.traminerhof.it\/it\/bike\/#primaryimage"},"thumbnailUrl":"https:\/\/www.traminerhof.it\/wp-content\/uploads\/2020\/05\/powertrail.jpg","datePublished":"2020-05-30T13:05:41+00:00","dateModified":"2026-03-11T12:13:43+00:00","breadcrumb":{"@id":"https:\/\/www.traminerhof.it\/it\/bike\/#breadcrumb"},"inLanguage":"it-IT","potentialAction":[{"@type":"ReadAction","target":["https:\/\/www.traminerhof.it\/it\/bike\/"]}]},{"@type":"ImageObject","inLanguage":"it-IT","@id":"https:\/\/www.traminerhof.it\/it\/bike\/#primaryimage","url":"https:\/\/www.traminerhof.it\/wp-content\/uploads\/2020\/05\/powertrail.jpg","contentUrl":"https:\/\/www.traminerhof.it\/wp-content\/uploads\/2020\/05\/powertrail.jpg","width":1678,"height":2048,"caption":"Powertrail"},{"@type":"BreadcrumbList","@id":"https:\/\/www.traminerhof.it\/it\/bike\/#breadcrumb","itemListElement":[{"@type":"ListItem","position":1,"name":"Home","item":"https:\/\/www.traminerhof.it\/it\/"},{"@type":"ListItem","position":2,"name":"Bike"}]},{"@type":"WebSite","@id":"https:\/\/www.traminerhof.it\/#website","url":"https:\/\/www.traminerhof.it\/","name":"Traminerhof","description":"Good Life. Cool Ride.","potentialAction":[{"@type":"SearchAction","target":{"@type":"EntryPoint","urlTemplate":"https:\/\/www.traminerhof.it\/?s={search_term_string}"},"query-input":"required name=search_term_string"}],"inLanguage":"it-IT"}]}},"_links":{"self":[{"href":"https:\/\/www.traminerhof.it\/it\/wp-json\/wp\/v2\/pages\/9078"}],"collection":[{"href":"https:\/\/www.traminerhof.it\/it\/wp-json\/wp\/v2\/pages"}],"about":[{"href":"https:\/\/www.traminerhof.it\/it\/wp-json\/wp\/v2\/types\/page"}],"author":[{"embeddable":true,"href":"https:\/\/www.traminerhof.it\/it\/wp-json\/wp\/v2\/users\/2"}],"replies":[{"embeddable":true,"href":"https:\/\/www.traminerhof.it\/it\/wp-json\/wp\/v2\/comments?post=9078"}],"version-history":[{"count":14,"href":"https:\/\/www.traminerhof.it\/it\/wp-json\/wp\/v2\/pages\/9078\/revisions"}],"predecessor-version":[{"id":21996,"href":"https:\/\/www.traminerhof.it\/it\/wp-json\/wp\/v2\/pages\/9078\/revisions\/21996"}],"wp:featuredmedia":[{"embeddable":true,"href":"https:\/\/www.traminerhof.it\/it\/wp-json\/wp\/v2\/media\/6143"}],"wp:attachment":[{"href":"https:\/\/www.traminerhof.it\/it\/wp-json\/wp\/v2\/media?parent=9078"}],"wp:term":[{"taxonomy":"seite_kategorien","embeddable":true,"href":"https:\/\/www.traminerhof.it\/it\/wp-json\/wp\/v2\/seite_kategorien?post=9078"}],"curies":[{"name":"wp","href":"https:\/\/api.w.org\/{rel}","templated":true}]}}