{"id":9055,"date":"2020-05-29T12:53:56","date_gmt":"2020-05-29T10:53:56","guid":{"rendered":"https:\/\/www.traminerhof.it\/?page_id=9055"},"modified":"2026-02-20T09:26:40","modified_gmt":"2026-02-20T08:26:40","slug":"informazioni-utili","status":"publish","type":"page","link":"https:\/\/www.traminerhof.it\/it\/camere\/informazioni-utili\/","title":{"rendered":"Informazioni utili"},"content":{"rendered":"\n<h1 class=\"wp-block-heading has-text-align-center breiteSchmal\">Good to know<\/h1>\n\n\n\n<h2 class=\"wp-block-heading has-text-align-center breiteSchmal\">Informazioni utili per le vacanze<\/h2>\n\n\n\n<div class=\"wp-block-group alignwide bg-white-light pt-3\"><div class=\"wp-block-group__inner-container is-layout-flow wp-block-group-is-layout-flow\">\n<figure class=\"wp-block-image size-large breiteSchmal mb-5\"><img loading=\"lazy\" decoding=\"async\" width=\"1170\" height=\"781\" src=\"https:\/\/www.traminerhof.it\/wp-content\/uploads\/2020\/05\/eingangs-und-rezeptionsbereich_tiberio-sorvillo-1170x781.jpg\" alt=\"\" class=\"wp-image-5986\" srcset=\"https:\/\/www.traminerhof.it\/wp-content\/uploads\/2020\/05\/eingangs-und-rezeptionsbereich_tiberio-sorvillo-1170x781.jpg 1170w, https:\/\/www.traminerhof.it\/wp-content\/uploads\/2020\/05\/eingangs-und-rezeptionsbereich_tiberio-sorvillo-992x661.jpg 992w, https:\/\/www.traminerhof.it\/wp-content\/uploads\/2020\/05\/eingangs-und-rezeptionsbereich_tiberio-sorvillo-1536x1025.jpg 1536w, https:\/\/www.traminerhof.it\/wp-content\/uploads\/2020\/05\/eingangs-und-rezeptionsbereich_tiberio-sorvillo-768x513.jpg 768w, https:\/\/www.traminerhof.it\/wp-content\/uploads\/2020\/05\/eingangs-und-rezeptionsbereich_tiberio-sorvillo-585x390.jpg 585w, https:\/\/www.traminerhof.it\/wp-content\/uploads\/2020\/05\/eingangs-und-rezeptionsbereich_tiberio-sorvillo.jpg 2048w\" sizes=\"(max-width: 1170px) 100vw, 1170px\" \/><\/figure>\n<\/div><\/div>\n\n\n\n<div class=\"wp-block-group alignwide pb-4 mb-5 has-hell-background-color has-background\"><div class=\"wp-block-group__inner-container is-layout-flow wp-block-group-is-layout-flow\">\n<h1 class=\"wp-block-heading has-text-align-center breiteSchmal mt-1\">Condizioni di cancellazione<\/h1>\n\n\n\n<p class=\"breiteSchmal\">Fino a 30 giorni prima dell&#8217;arrivo, la prenotazione pu\u00f2 essere cancellata gratuitamente. Tra 30 giorni e 14 giorni, verr\u00e0 addebitato il 30% dell&#8217;importo totale.<br>Le cancellazioni effettuate entro 13 giorni dall&#8217;arrivo comportano un addebito del 90% dell&#8217;importo totale prenotato.<br>In caso di partenza anticipata, arrivo ritardato o no-show, le spese di cancellazione del 100% della prenotazione.<\/p>\n\n\n\n<h1 class=\"wp-block-heading has-text-align-center breiteSchmal mt-1\">Go safe<\/h1>\n\n\n\n<p class=\"breiteSchmal\">Evita inutili costi di cancellazione in caso di emergenza. <br>Qui puoi prenotare la tua protezione contro la <a href=\"#zahlknopf\">cancellazione del viaggio<\/a><\/p>\n<\/div><\/div>\n\n\n\n<div class=\"wp-block-group\"><div class=\"wp-block-group__inner-container is-layout-flow wp-block-group-is-layout-flow\">\n<div class=\"wp-block-columns mt-7 mb-7 is-layout-flex wp-container-core-columns-is-layout-1 wp-block-columns-is-layout-flex\">\n<div class=\"wp-block-column is-vertically-aligned-top is-layout-flow wp-block-column-is-layout-flow\">\n<h1 class=\"wp-block-heading has-text-align-left mt-0\" id=\"zahlknopf\">Deposito e\/o assicurazione di viaggio<\/h1>\n\n\n\n<h2 class=\"wp-block-heading has-text-align-left\">Veloce e semplice<\/h2>\n\n\n\n<p class=\"has-text-align-left\">Qui puoi pagare un deposito per la tua prenotazione in anticipo e\/o stipulare un&#8217;assicurazione di viaggio.<\/p>\n\n\n\n<!-- CODE START-->\n<div id=\"hgPaymentWidget\"><\/div>\n<script type=\"text\/javascript\" src=\"https:\/\/secure.hogast.it\/rxwidgets\/payment\/script\/it?06DEDA7E5193A64328FAECDD5E3C165F4C4D4F691C2B6D0291EA2BCF6CBB390D\" defer=\"\" async=\"\"><\/script>\n<!-- CODE END-->\n<\/div>\n\n\n\n<div class=\"wp-block-column is-vertically-aligned-top is-layout-flow wp-block-column-is-layout-flow\">\n<figure class=\"wp-block-image size-large\"><img loading=\"lazy\" decoding=\"async\" width=\"665\" height=\"1170\" src=\"https:\/\/www.traminerhof.it\/wp-content\/uploads\/2021\/05\/zimmer-665x1170.jpg\" alt=\"Zimmer\" class=\"wp-image-13055\" srcset=\"https:\/\/www.traminerhof.it\/wp-content\/uploads\/2021\/05\/zimmer-665x1170.jpg 665w, https:\/\/www.traminerhof.it\/wp-content\/uploads\/2021\/05\/zimmer-333x585.jpg 333w, https:\/\/www.traminerhof.it\/wp-content\/uploads\/2021\/05\/zimmer-768x1351.jpg 768w, https:\/\/www.traminerhof.it\/wp-content\/uploads\/2021\/05\/zimmer-873x1536.jpg 873w, https:\/\/www.traminerhof.it\/wp-content\/uploads\/2021\/05\/zimmer.jpg 900w\" sizes=\"(max-width: 665px) 100vw, 665px\" \/><\/figure>\n<\/div>\n<\/div>\n<\/div><\/div>\n\n\n\n<div class=\"wp-block-columns mt-6 mt-sm-7 mb-5 mb-sm-6 is-layout-flex wp-container-core-columns-is-layout-2 wp-block-columns-is-layout-flex\">\n<div class=\"wp-block-column is-vertically-aligned-top is-layout-flow wp-block-column-is-layout-flow\">\n<figure class=\"wp-block-image size-large\"><img loading=\"lazy\" decoding=\"async\" width=\"1678\" height=\"2048\" src=\"https:\/\/www.traminerhof.it\/wp-content\/uploads\/2020\/05\/waking-up-1.jpg\" alt=\"\" class=\"wp-image-6109\" srcset=\"https:\/\/www.traminerhof.it\/wp-content\/uploads\/2020\/05\/waking-up-1.jpg 1678w, https:\/\/www.traminerhof.it\/wp-content\/uploads\/2020\/05\/waking-up-1-1259x1536.jpg 1259w, https:\/\/www.traminerhof.it\/wp-content\/uploads\/2020\/05\/waking-up-1-959x1170.jpg 959w, https:\/\/www.traminerhof.it\/wp-content\/uploads\/2020\/05\/waking-up-1-768x937.jpg 768w, https:\/\/www.traminerhof.it\/wp-content\/uploads\/2020\/05\/waking-up-1-479x585.jpg 479w\" sizes=\"(max-width: 1678px) 100vw, 1678px\" \/><\/figure>\n<\/div>\n\n\n\n<div class=\"wp-block-column is-vertically-aligned-top is-layout-flow wp-block-column-is-layout-flow\">\n<h1 class=\"wp-block-heading mt-4 mt-sm-0\">1,2 o 3?<\/h1>\n\n\n\n<p>Godi la tua vacanza da solo? Le nostre camere doppie possono essere prenotate anche ad uso singolo. <br>E&#8217; previsto un supplemento.<br>Ogni 3 adulto in camera doppia riceve uno sconto del 30%.<\/p>\n<\/div>\n<\/div>\n\n\n\n<div class=\"wp-block-group alignwide bg-white-light pt-3\" id=\"Kinderpreise\"><div class=\"wp-block-group__inner-container is-layout-flow wp-block-group-is-layout-flow\">\n<figure class=\"wp-block-image size-large is-resized breiteSchmal mb-5\"><img loading=\"lazy\" decoding=\"async\" width=\"1170\" height=\"781\" src=\"https:\/\/www.traminerhof.it\/wp-content\/uploads\/2020\/05\/kinder-1170x781.jpg\" alt=\"\" class=\"wp-image-5994\" style=\"width:748px;height:498px\" srcset=\"https:\/\/www.traminerhof.it\/wp-content\/uploads\/2020\/05\/kinder-1170x781.jpg 1170w, https:\/\/www.traminerhof.it\/wp-content\/uploads\/2020\/05\/kinder-992x661.jpg 992w, https:\/\/www.traminerhof.it\/wp-content\/uploads\/2020\/05\/kinder-1536x1025.jpg 1536w, https:\/\/www.traminerhof.it\/wp-content\/uploads\/2020\/05\/kinder-768x513.jpg 768w, https:\/\/www.traminerhof.it\/wp-content\/uploads\/2020\/05\/kinder-585x390.jpg 585w, https:\/\/www.traminerhof.it\/wp-content\/uploads\/2020\/05\/kinder.jpg 2048w\" sizes=\"(max-width: 1170px) 100vw, 1170px\" \/><\/figure>\n<\/div><\/div>\n\n\n\n<div class=\"wp-block-group alignwide pb-4 mb-5 has-hell-background-color has-background\" id=\"Kinderpreise\"><div class=\"wp-block-group__inner-container is-layout-flow wp-block-group-is-layout-flow\">\n<h1 class=\"wp-block-heading has-text-align-center breiteExtraSchmal mt-1\">Bambini piccoli, prezzi piccoli<\/h1>\n\n\n\n<figure class=\"wp-block-table breiteExtraSchmal\"><table><tbody><tr><td><\/td><td>Stagione<\/td><td>Stagione<\/td><\/tr><tr><td><\/td><td>27.05. \u2013 10.06<br>09.07. \u2013 07.10<\/td><td>17.03. \u2013 26.05<br>11.06. \u2013 08.07<br>08.10. \u2013 05.11<\/td><\/tr><tr><td>bambini da 0 \u2013 2<\/td><td>10%<\/td><td>8%<\/td><\/tr><tr><td>bambini da 3 \u2013 7<\/td><td>35%<\/td><td>30%<\/td><\/tr><tr><td>bambini da 8 \u2013 13<\/td><td>45%<\/td><td>40%<\/td><\/tr><tr><td>bambini da 14 \u2013 17<\/td><td>55%<\/td><td>50%<\/td><\/tr><\/tbody><\/table><\/figure>\n\n\n\n<p class=\"has-text-align-center BreiteSchmal\">Le percentuali si riferiscono al prezzo adulto per notte.<br>Le tariffe per bambini vengono applicate per due o pi\u00f9 adulti paganti tariffa intera e per i genitori che viaggiano da soli e pagano la tariffa della camera singola.<br>Per i bambini in camera separata, la tariffa della camera singola viene applicata per il bambino pi\u00f9 grande e le percentuali per i bambini si applicano per ogni bambino aggiuntivo.<br>Per i bambini di 18 anni o pi\u00f9, verr\u00e0 addebitato il 70% (solo per due ospiti che pagano per intero).<\/p>\n<\/div><\/div>\n\n\n\n<figure class=\"wp-block-image size-large breiteSchmal\"><img loading=\"lazy\" decoding=\"async\" width=\"1170\" height=\"781\" src=\"https:\/\/www.traminerhof.it\/wp-content\/uploads\/2020\/05\/hunde-1170x781.jpg\" alt=\"\" class=\"wp-image-6010\" srcset=\"https:\/\/www.traminerhof.it\/wp-content\/uploads\/2020\/05\/hunde-1170x781.jpg 1170w, https:\/\/www.traminerhof.it\/wp-content\/uploads\/2020\/05\/hunde-992x661.jpg 992w, https:\/\/www.traminerhof.it\/wp-content\/uploads\/2020\/05\/hunde-1536x1025.jpg 1536w, https:\/\/www.traminerhof.it\/wp-content\/uploads\/2020\/05\/hunde-768x513.jpg 768w, https:\/\/www.traminerhof.it\/wp-content\/uploads\/2020\/05\/hunde-585x390.jpg 585w, https:\/\/www.traminerhof.it\/wp-content\/uploads\/2020\/05\/hunde.jpg 2048w\" sizes=\"(max-width: 1170px) 100vw, 1170px\" \/><\/figure>\n\n\n\n<h1 class=\"wp-block-heading has-text-align-center breiteSchmal\">Informazioni sui cani<\/h1>\n\n\n\n<p class=\"has-text-align-center breiteSchmal\">Noi del Traminerhof accogliamo i cani. Supplemento: \u20ac 14 a notte (senza cibo). <br> Le informazioni pi\u00f9 importanti trovi qui<\/p>\n\n\n\n<div class=\"wp-block-group\"><div class=\"wp-block-group__inner-container is-layout-flow wp-block-group-is-layout-flow\">\n<ul class=\"breiteSchmal\">\n<li>Siamo sicuri che hai compresione che possiamo accettare solo cani addestrati al Traminerhof. <\/li>\n\n\n\n<li>I cani devono avere un&#8217;assicurazione di responsabilit\u00e0 civile. L&#8217;utente \u00e8 responsabile di eventuali danni che il cane pu\u00f2 causare ad altri ospiti o alle strutture dell&#8217;hotel.<\/li>\n\n\n\n<li>Durante il tragitto in hotel il cane deve essere sempre tenuto al guinzaglio.<\/li>\n\n\n\n<li>Per motivi igienici, il cane dormir\u00e0 sul pavimento, sulla coperta o sulla cesta per cani che avete portato con voi. Il letto, il divano letto o le sedie non sono destinati al cane. <\/li>\n\n\n\n<li>Per garantire che le norme igieniche siano rispettate anche in sala da pranzo, il cane non puo accompagnarti durante la colazione o la cena. L&#8217;eccezione: se il tuo tavolo si trova in giardino.<\/li>\n\n\n\n<li> Se il tuo cane \u00e8 nella stanza e gira liberamente, metti il cartello &#8220;Per favore non disturbare&#8221; sulla porta della stanza e informi la reception in modo che lo staff del Housekeeping lo sappia. <\/li>\n\n\n\n<li>Il cane \u00e8 il benvenuto nell&#8217;area d&#8217;ingresso e nella reception, nonch\u00e9 in giardino. <\/li>\n\n\n\n<li> Cos\u00ec dopo le tue passeggiate ed escursioni puoi sederti con il cane in giardino per goderti uno spuntino pomeridiano. <\/li>\n\n\n\n<li>Quando fai una passeggiata, devi sempre avere con te un sacchetto di escrementi e usarlo. Porti sempre con te anche gli escrementi del cane quando vai nei vigneti o nei meleti dei dintorni.<\/li>\n\n\n\n<li>Il cane non \u00e8 ammesso nella zona della piscina e della sauna. <\/li>\n\n\n\n<li>Il cane ha bisogno di una museruola sui mezzi pubblici. <\/li>\n<\/ul>\n<\/div><\/div>\n\n\n\n<div class=\"wp-block-columns mt-6 mt-sm-7 mb-5 mb-sm-6 is-layout-flex wp-container-core-columns-is-layout-3 wp-block-columns-is-layout-flex\">\n<div class=\"wp-block-column is-vertically-aligned-top is-layout-flow wp-block-column-is-layout-flow\">\n<figure class=\"wp-block-image size-large\"><img loading=\"lazy\" decoding=\"async\" width=\"1678\" height=\"2048\" src=\"https:\/\/www.traminerhof.it\/wp-content\/uploads\/2020\/05\/tramin.jpg\" alt=\"\" class=\"wp-image-6112\" srcset=\"https:\/\/www.traminerhof.it\/wp-content\/uploads\/2020\/05\/tramin.jpg 1678w, https:\/\/www.traminerhof.it\/wp-content\/uploads\/2020\/05\/tramin-1259x1536.jpg 1259w, https:\/\/www.traminerhof.it\/wp-content\/uploads\/2020\/05\/tramin-959x1170.jpg 959w, https:\/\/www.traminerhof.it\/wp-content\/uploads\/2020\/05\/tramin-768x937.jpg 768w, https:\/\/www.traminerhof.it\/wp-content\/uploads\/2020\/05\/tramin-479x585.jpg 479w\" sizes=\"(max-width: 1678px) 100vw, 1678px\" \/><\/figure>\n<\/div>\n\n\n\n<div class=\"wp-block-column is-vertically-aligned-top is-layout-flow wp-block-column-is-layout-flow\">\n<h1 class=\"wp-block-heading mt-4 mt-sm-0\">tassa di soggiorno<\/h1>\n\n\n\n<p>La tassa di soggiorno \u00e8 di \u20ac 3,00.- a persona (a partire da 14 anni) e giorno e sar\u00e0 addebitata in loco. Questo reddito va alla comunit\u00e0 e viene investito nello sviluppo e nella manutenzione delle infrastrutture e dei servizi, nonch\u00e9 nell&#8217;organizzazione di eventi culturali e sportivi. La tassa di soggiorno \u00e8 dovuta alla partenza e l&#8217;importo \u00e8 indicato separatamente sul conto dell&#8217;hotel. <\/p>\n<\/div>\n<\/div>\n\n\n\n<div class=\"wp-block-group alignwide bg-white-light pt-3\"><div class=\"wp-block-group__inner-container is-layout-flow wp-block-group-is-layout-flow\">\n<figure class=\"wp-block-image size-large breiteSchmal mb-5\"><img loading=\"lazy\" decoding=\"async\" width=\"1170\" height=\"781\" src=\"https:\/\/www.traminerhof.it\/wp-content\/uploads\/2022\/02\/pad5822-1170x781.jpg\" alt=\"\" class=\"wp-image-15894\" srcset=\"https:\/\/www.traminerhof.it\/wp-content\/uploads\/2022\/02\/pad5822-1170x781.jpg 1170w, https:\/\/www.traminerhof.it\/wp-content\/uploads\/2022\/02\/pad5822-585x390.jpg 585w, https:\/\/www.traminerhof.it\/wp-content\/uploads\/2022\/02\/pad5822-768x513.jpg 768w, https:\/\/www.traminerhof.it\/wp-content\/uploads\/2022\/02\/pad5822-1536x1025.jpg 1536w, https:\/\/www.traminerhof.it\/wp-content\/uploads\/2022\/02\/pad5822.jpg 2048w, https:\/\/www.traminerhof.it\/wp-content\/uploads\/2022\/02\/pad5822-992x661.jpg 992w\" sizes=\"(max-width: 1170px) 100vw, 1170px\" \/><\/figure>\n<\/div><\/div>\n\n\n\n<div class=\"wp-block-group alignwide pb-5 mb-5 has-hell-background-color has-background\"><div class=\"wp-block-group__inner-container is-layout-flow wp-block-group-is-layout-flow\">\n<h1 class=\"wp-block-heading has-text-align-center breiteExtraSchmal mt-1\"><a href=\"https:\/\/www.traminerhof.it\/it\/posizione\/\"> Come arrivare&#8230; <\/a><\/h1>\n\n\n\n<p class=\"has-text-align-left breiteSchmal\">Per la tua pianificazione delle vacanze senza stress e per il tuo viaggio spensierato al Traminerhof, abbiamo riassunto le tue opzioni in modo breve e conciso.  <\/p>\n\n\n\n<p class=\"breiteSchmal\">Se viaggi con la tua auto elettrica, puoi ricaricarla presso la stazione di ricarica nel nostro garage.<\/p>\n\n\n\n<div class=\"wp-block-button aligncenter\"><a class=\"wp-block-button__link wp-element-button\" href=\"https:\/\/www.traminerhof.it\/it\/posizione\/\">Come raggiungerci<\/a><\/div>\n<\/div><\/div>\n","protected":false},"excerpt":{"rendered":"<p>Good to know Informazioni utili per le vacanze Condizioni di cancellazione Fino a 30 giorni prima dell&#8217;arrivo, la prenotazione pu\u00f2 essere cancellata gratuitamente. Tra 30 giorni e 14 giorni, verr\u00e0 addebitato il 30% dell&#8217;importo totale.Le cancellazioni effettuate entro 13 giorni dall&#8217;arrivo comportano un addebito del 90% dell&#8217;importo totale prenotato.In caso di partenza anticipata, arrivo ritardato [&hellip;]<\/p>\n","protected":false},"author":2,"featured_media":5987,"parent":8988,"menu_order":0,"comment_status":"closed","ping_status":"closed","template":"","meta":{"_acf_changed":false,"footnotes":"","_links_to":"","_links_to_target":""},"seite_kategorien":[55],"acf":[],"yoast_head":"<!-- This site is optimized with the Yoast SEO plugin v22.6 - https:\/\/yoast.com\/wordpress\/plugins\/seo\/ -->\n<title>Informazioni utili | Traminerhof<\/title>\n<meta name=\"robots\" content=\"index, follow, max-snippet:-1, max-image-preview:large, max-video-preview:-1\" \/>\n<link rel=\"canonical\" href=\"https:\/\/www.traminerhof.it\/it\/camere\/informazioni-utili\/\" \/>\n<meta property=\"og:locale\" content=\"it_IT\" \/>\n<meta property=\"og:type\" content=\"article\" \/>\n<meta property=\"og:title\" content=\"Informazioni utili | Traminerhof\" \/>\n<meta property=\"og:description\" content=\"Good to know Informazioni utili per le vacanze Condizioni di cancellazione Fino a 30 giorni prima dell&#8217;arrivo, la prenotazione pu\u00f2 essere cancellata gratuitamente. Tra 30 giorni e 14 giorni, verr\u00e0 addebitato il 30% dell&#8217;importo totale.Le cancellazioni effettuate entro 13 giorni dall&#8217;arrivo comportano un addebito del 90% dell&#8217;importo totale prenotato.In caso di partenza anticipata, arrivo ritardato [&hellip;]\" \/>\n<meta property=\"og:url\" content=\"https:\/\/www.traminerhof.it\/it\/camere\/informazioni-utili\/\" \/>\n<meta property=\"og:site_name\" content=\"Traminerhof\" \/>\n<meta property=\"article:modified_time\" content=\"2026-02-20T08:26:40+00:00\" \/>\n<meta property=\"og:image\" content=\"https:\/\/www.traminerhof.it\/wp-content\/uploads\/2020\/05\/eingangs-und-rezeptionsbereich_tiberio-sorvillo.jpg\" \/>\n\t<meta property=\"og:image:width\" content=\"2048\" \/>\n\t<meta property=\"og:image:height\" content=\"1367\" \/>\n\t<meta property=\"og:image:type\" content=\"image\/jpeg\" \/>\n<meta name=\"twitter:card\" content=\"summary_large_image\" \/>\n<meta name=\"twitter:label1\" content=\"Tempo di lettura stimato\" \/>\n\t<meta name=\"twitter:data1\" content=\"6 minuti\" \/>\n<script type=\"application\/ld+json\" class=\"yoast-schema-graph\">{\"@context\":\"https:\/\/schema.org\",\"@graph\":[{\"@type\":\"WebPage\",\"@id\":\"https:\/\/www.traminerhof.it\/it\/camere\/informazioni-utili\/\",\"url\":\"https:\/\/www.traminerhof.it\/it\/camere\/informazioni-utili\/\",\"name\":\"Informazioni utili | Traminerhof\",\"isPartOf\":{\"@id\":\"https:\/\/www.traminerhof.it\/#website\"},\"primaryImageOfPage\":{\"@id\":\"https:\/\/www.traminerhof.it\/it\/camere\/informazioni-utili\/#primaryimage\"},\"image\":{\"@id\":\"https:\/\/www.traminerhof.it\/it\/camere\/informazioni-utili\/#primaryimage\"},\"thumbnailUrl\":\"https:\/\/www.traminerhof.it\/wp-content\/uploads\/2020\/05\/eingangs-und-rezeptionsbereich_tiberio-sorvillo.jpg\",\"datePublished\":\"2020-05-29T10:53:56+00:00\",\"dateModified\":\"2026-02-20T08:26:40+00:00\",\"breadcrumb\":{\"@id\":\"https:\/\/www.traminerhof.it\/it\/camere\/informazioni-utili\/#breadcrumb\"},\"inLanguage\":\"it-IT\",\"potentialAction\":[{\"@type\":\"ReadAction\",\"target\":[\"https:\/\/www.traminerhof.it\/it\/camere\/informazioni-utili\/\"]}]},{\"@type\":\"ImageObject\",\"inLanguage\":\"it-IT\",\"@id\":\"https:\/\/www.traminerhof.it\/it\/camere\/informazioni-utili\/#primaryimage\",\"url\":\"https:\/\/www.traminerhof.it\/wp-content\/uploads\/2020\/05\/eingangs-und-rezeptionsbereich_tiberio-sorvillo.jpg\",\"contentUrl\":\"https:\/\/www.traminerhof.it\/wp-content\/uploads\/2020\/05\/eingangs-und-rezeptionsbereich_tiberio-sorvillo.jpg\",\"width\":2048,\"height\":1367,\"caption\":\"Eingangs- und Rezeptionsbereich_Tiberio Sorvillo\"},{\"@type\":\"BreadcrumbList\",\"@id\":\"https:\/\/www.traminerhof.it\/it\/camere\/informazioni-utili\/#breadcrumb\",\"itemListElement\":[{\"@type\":\"ListItem\",\"position\":1,\"name\":\"Home\",\"item\":\"https:\/\/www.traminerhof.it\/it\/\"},{\"@type\":\"ListItem\",\"position\":2,\"name\":\"Camere\",\"item\":\"https:\/\/www.traminerhof.it\/it\/camere\/\"},{\"@type\":\"ListItem\",\"position\":3,\"name\":\"Informazioni utili\"}]},{\"@type\":\"WebSite\",\"@id\":\"https:\/\/www.traminerhof.it\/#website\",\"url\":\"https:\/\/www.traminerhof.it\/\",\"name\":\"Traminerhof\",\"description\":\"Good Life. Cool Ride.\",\"potentialAction\":[{\"@type\":\"SearchAction\",\"target\":{\"@type\":\"EntryPoint\",\"urlTemplate\":\"https:\/\/www.traminerhof.it\/?s={search_term_string}\"},\"query-input\":\"required name=search_term_string\"}],\"inLanguage\":\"it-IT\"}]}<\/script>\n<!-- \/ Yoast SEO plugin. -->","yoast_head_json":{"title":"Informazioni utili | Traminerhof","robots":{"index":"index","follow":"follow","max-snippet":"max-snippet:-1","max-image-preview":"max-image-preview:large","max-video-preview":"max-video-preview:-1"},"canonical":"https:\/\/www.traminerhof.it\/it\/camere\/informazioni-utili\/","og_locale":"it_IT","og_type":"article","og_title":"Informazioni utili | Traminerhof","og_description":"Good to know Informazioni utili per le vacanze Condizioni di cancellazione Fino a 30 giorni prima dell&#8217;arrivo, la prenotazione pu\u00f2 essere cancellata gratuitamente. Tra 30 giorni e 14 giorni, verr\u00e0 addebitato il 30% dell&#8217;importo totale.Le cancellazioni effettuate entro 13 giorni dall&#8217;arrivo comportano un addebito del 90% dell&#8217;importo totale prenotato.In caso di partenza anticipata, arrivo ritardato [&hellip;]","og_url":"https:\/\/www.traminerhof.it\/it\/camere\/informazioni-utili\/","og_site_name":"Traminerhof","article_modified_time":"2026-02-20T08:26:40+00:00","og_image":[{"width":2048,"height":1367,"url":"https:\/\/www.traminerhof.it\/wp-content\/uploads\/2020\/05\/eingangs-und-rezeptionsbereich_tiberio-sorvillo.jpg","type":"image\/jpeg"}],"twitter_card":"summary_large_image","twitter_misc":{"Tempo di lettura stimato":"6 minuti"},"schema":{"@context":"https:\/\/schema.org","@graph":[{"@type":"WebPage","@id":"https:\/\/www.traminerhof.it\/it\/camere\/informazioni-utili\/","url":"https:\/\/www.traminerhof.it\/it\/camere\/informazioni-utili\/","name":"Informazioni utili | Traminerhof","isPartOf":{"@id":"https:\/\/www.traminerhof.it\/#website"},"primaryImageOfPage":{"@id":"https:\/\/www.traminerhof.it\/it\/camere\/informazioni-utili\/#primaryimage"},"image":{"@id":"https:\/\/www.traminerhof.it\/it\/camere\/informazioni-utili\/#primaryimage"},"thumbnailUrl":"https:\/\/www.traminerhof.it\/wp-content\/uploads\/2020\/05\/eingangs-und-rezeptionsbereich_tiberio-sorvillo.jpg","datePublished":"2020-05-29T10:53:56+00:00","dateModified":"2026-02-20T08:26:40+00:00","breadcrumb":{"@id":"https:\/\/www.traminerhof.it\/it\/camere\/informazioni-utili\/#breadcrumb"},"inLanguage":"it-IT","potentialAction":[{"@type":"ReadAction","target":["https:\/\/www.traminerhof.it\/it\/camere\/informazioni-utili\/"]}]},{"@type":"ImageObject","inLanguage":"it-IT","@id":"https:\/\/www.traminerhof.it\/it\/camere\/informazioni-utili\/#primaryimage","url":"https:\/\/www.traminerhof.it\/wp-content\/uploads\/2020\/05\/eingangs-und-rezeptionsbereich_tiberio-sorvillo.jpg","contentUrl":"https:\/\/www.traminerhof.it\/wp-content\/uploads\/2020\/05\/eingangs-und-rezeptionsbereich_tiberio-sorvillo.jpg","width":2048,"height":1367,"caption":"Eingangs- und Rezeptionsbereich_Tiberio Sorvillo"},{"@type":"BreadcrumbList","@id":"https:\/\/www.traminerhof.it\/it\/camere\/informazioni-utili\/#breadcrumb","itemListElement":[{"@type":"ListItem","position":1,"name":"Home","item":"https:\/\/www.traminerhof.it\/it\/"},{"@type":"ListItem","position":2,"name":"Camere","item":"https:\/\/www.traminerhof.it\/it\/camere\/"},{"@type":"ListItem","position":3,"name":"Informazioni utili"}]},{"@type":"WebSite","@id":"https:\/\/www.traminerhof.it\/#website","url":"https:\/\/www.traminerhof.it\/","name":"Traminerhof","description":"Good Life. Cool Ride.","potentialAction":[{"@type":"SearchAction","target":{"@type":"EntryPoint","urlTemplate":"https:\/\/www.traminerhof.it\/?s={search_term_string}"},"query-input":"required name=search_term_string"}],"inLanguage":"it-IT"}]}},"_links":{"self":[{"href":"https:\/\/www.traminerhof.it\/it\/wp-json\/wp\/v2\/pages\/9055"}],"collection":[{"href":"https:\/\/www.traminerhof.it\/it\/wp-json\/wp\/v2\/pages"}],"about":[{"href":"https:\/\/www.traminerhof.it\/it\/wp-json\/wp\/v2\/types\/page"}],"author":[{"embeddable":true,"href":"https:\/\/www.traminerhof.it\/it\/wp-json\/wp\/v2\/users\/2"}],"replies":[{"embeddable":true,"href":"https:\/\/www.traminerhof.it\/it\/wp-json\/wp\/v2\/comments?post=9055"}],"version-history":[{"count":29,"href":"https:\/\/www.traminerhof.it\/it\/wp-json\/wp\/v2\/pages\/9055\/revisions"}],"predecessor-version":[{"id":21975,"href":"https:\/\/www.traminerhof.it\/it\/wp-json\/wp\/v2\/pages\/9055\/revisions\/21975"}],"up":[{"embeddable":true,"href":"https:\/\/www.traminerhof.it\/it\/wp-json\/wp\/v2\/pages\/8988"}],"wp:featuredmedia":[{"embeddable":true,"href":"https:\/\/www.traminerhof.it\/it\/wp-json\/wp\/v2\/media\/5987"}],"wp:attachment":[{"href":"https:\/\/www.traminerhof.it\/it\/wp-json\/wp\/v2\/media?parent=9055"}],"wp:term":[{"taxonomy":"seite_kategorien","embeddable":true,"href":"https:\/\/www.traminerhof.it\/it\/wp-json\/wp\/v2\/seite_kategorien?post=9055"}],"curies":[{"name":"wp","href":"https:\/\/api.w.org\/{rel}","templated":true}]}}