{"id":8943,"date":"2020-05-28T18:57:13","date_gmt":"2020-05-28T16:57:13","guid":{"rendered":"https:\/\/www.traminerhof.it\/?page_id=8943"},"modified":"2023-07-17T19:58:25","modified_gmt":"2023-07-17T17:58:25","slug":"hotel","status":"publish","type":"page","link":"https:\/\/www.traminerhof.it\/it\/hotel\/","title":{"rendered":"Hotel"},"content":{"rendered":"<script>\njQuery(document).ready(function($) {\n\t\n\t\t\t$('.slick-dimizu_slickcarousel-block_5eb277a2466d5').slick({\n\t\t\t\tslidesToShow: 1, \n\t\t\t\tslidesToScroll: 1, \n\t\t\t\tdots: false,\n\t\t\t\tarrows: true,\n\t\t\t\tautoplay: false,\n\t\t\t});\n  \n}); \n<\/script>\n<div class=\"slick-wrapper  mb-n-5\">\n  <div id=\"dimizu_slickcarousel-block_5eb277a2466d5\" class=\"dimizu_slickcarousel  kopfSlider\">\n    <div class=\"container p-0\">\n            <div class=\"slick-dimizu_slickcarousel-block_5eb277a2466d5\"> \n    <div class=\"dimizu_slickcarousel_wrapper\">\n        <a  href=\"https:\/\/www.traminerhof.it\/wp-content\/uploads\/2020\/05\/traminerhof_aussenansicht_tiberio-sorvillo.jpg\" class=\"dimizu_slickcarousel_imagelink\">\n          <img decoding=\"async\" src=\"https:\/\/www.traminerhof.it\/wp-content\/uploads\/2020\/05\/traminerhof_aussenansicht_tiberio-sorvillo-1170x781.jpg\" alt=\"\" class=\"img-fluid\">\n        <\/a>\n          \n                  \n\n    <\/div>\n    \n    <div class=\"dimizu_slickcarousel_wrapper\">\n        <a  href=\"https:\/\/www.traminerhof.it\/wp-content\/uploads\/2020\/05\/eingangsbereich_tiberio-sorvillo.jpg\" class=\"dimizu_slickcarousel_imagelink\">\n          <img decoding=\"async\" src=\"https:\/\/www.traminerhof.it\/wp-content\/uploads\/2020\/05\/eingangsbereich_tiberio-sorvillo-1170x781.jpg\" alt=\"\" class=\"img-fluid\">\n        <\/a>\n          \n                  \n\n    <\/div>\n    \n    <div class=\"dimizu_slickcarousel_wrapper\">\n        <a  href=\"https:\/\/www.traminerhof.it\/wp-content\/uploads\/2022\/02\/pad5719.jpg\" class=\"dimizu_slickcarousel_imagelink\">\n          <img decoding=\"async\" src=\"https:\/\/www.traminerhof.it\/wp-content\/uploads\/2022\/02\/pad5719-1170x781.jpg\" alt=\"\" class=\"img-fluid\">\n        <\/a>\n          \n                  \n\n    <\/div>\n    \n    <div class=\"dimizu_slickcarousel_wrapper\">\n        <a  href=\"https:\/\/www.traminerhof.it\/wp-content\/uploads\/2020\/05\/eingangs-und-rezeptionsbereich_tiberio-sorvillo.jpg\" class=\"dimizu_slickcarousel_imagelink\">\n          <img decoding=\"async\" src=\"https:\/\/www.traminerhof.it\/wp-content\/uploads\/2020\/05\/eingangs-und-rezeptionsbereich_tiberio-sorvillo-1170x781.jpg\" alt=\"\" class=\"img-fluid\">\n        <\/a>\n          \n                  \n\n    <\/div>\n    \n    <div class=\"dimizu_slickcarousel_wrapper\">\n        <a  href=\"https:\/\/www.traminerhof.it\/wp-content\/uploads\/2022\/02\/pad4679.jpg\" class=\"dimizu_slickcarousel_imagelink\">\n          <img decoding=\"async\" src=\"https:\/\/www.traminerhof.it\/wp-content\/uploads\/2022\/02\/pad4679-1170x781.jpg\" alt=\"\" class=\"img-fluid\">\n        <\/a>\n          \n                  \n\n    <\/div>\n    \n    <div class=\"dimizu_slickcarousel_wrapper\">\n        <a  href=\"https:\/\/www.traminerhof.it\/wp-content\/uploads\/2020\/06\/garten_restaurant_tiberio-sorvillo.jpg\" class=\"dimizu_slickcarousel_imagelink\">\n          <img decoding=\"async\" src=\"https:\/\/www.traminerhof.it\/wp-content\/uploads\/2020\/06\/garten_restaurant_tiberio-sorvillo.jpg\" alt=\"\" class=\"img-fluid\">\n        <\/a>\n          \n                  \n\n    <\/div>\n     <\/div>\n          <\/div>\n  <\/div>\n<\/div>\n\n\n<h1 class=\"has-text-align-center breiteSchmal mt-n4 wp-block-heading\">Il TRAMINERHOF<\/h1>\n\n\n\n<h2 class=\"has-text-align-center breiteSchmal wp-block-heading\">Cosa ti aspetta da noi<\/h2>\n\n\n\n<p class=\"breiteSchmal\">Il Traminerhof. Un luogo dove ci si sente benvenuti fin dalla prima volta che si entra. Quasi come a casa. Aperto, amichevole e onesto. Certo, l&#8217;hotel \u00e8 anche un po&#8217; diverso dagli altri dove sei stato prima. In qualche modo diverso. Forse pi\u00f9 disinvolo? Non lo sai ancora, ma appena conoscerei le persone qui dentro lo scoprirei! <\/p>\n\n\n\n<p class=\"breiteSchmal mb-6\">E sai cosa? Ognuno dei nostri collaboratori \u00e8 qui volontariamente e vuole regalarti una della tua migliore vacanze. Sei in buone mani, ne siamo certi.  <\/p>\n\n\n\n<div class=\"wp-block-columns mt-5 mb-6 is-layout-flex wp-container-core-columns-is-layout-1 wp-block-columns-is-layout-flex\">\n<div class=\"wp-block-column is-vertically-aligned-top is-layout-flow wp-block-column-is-layout-flow\">\n<figure class=\"wp-block-image size-large\"><img loading=\"lazy\" decoding=\"async\" width=\"768\" height=\"1086\" src=\"https:\/\/www.traminerhof.it\/wp-content\/uploads\/2023\/07\/2022_traminerhof_0735-scaled-e1658148775516-768x1086-1.jpg\" alt=\"\" class=\"wp-image-19360\" srcset=\"https:\/\/www.traminerhof.it\/wp-content\/uploads\/2023\/07\/2022_traminerhof_0735-scaled-e1658148775516-768x1086-1.jpg 768w, https:\/\/www.traminerhof.it\/wp-content\/uploads\/2023\/07\/2022_traminerhof_0735-scaled-e1658148775516-768x1086-1-414x585.jpg 414w\" sizes=\"(max-width: 768px) 100vw, 768px\" \/><\/figure>\n<\/div>\n\n\n\n<div class=\"wp-block-column is-vertically-aligned-top is-layout-flow wp-block-column-is-layout-flow\">\n<h1 class=\"mt-4 mt-sm-0 wp-block-heading\">Coolinary<\/h1>\n\n\n\n<h2 class=\"has-braun-color has-text-color wp-block-heading\"><a href=\"https:\/\/www.traminerhof.it\/it\/hotel\/coolinary\/\">Niente meglio che mangiare<\/a><\/h2>\n\n\n\n<p>Il cibo \u00e8 uno dei fattori pi\u00f9 importanti in vacanza. Se il cibo non ti andava bene, sei insoddisfatto e hai solo brutti ricordi della tua vacanza. Ecco perch\u00e9 il cibo da noi non solo \u00e8 buono, ma soprattutto delizioso. Abbiamo il miglior team di cucina che vi delizier\u00e0 al mattino e alla sera. Lasciati sorprendere!  <\/p>\n\n\n\n<div class=\"wp-block-button\"><a class=\"wp-block-button__link\" href=\"https:\/\/www.traminerhof.it\/it\/hotel\/coolinary\/\">Curioso?<\/a><\/div>\n<\/div>\n<\/div>\n\n\n\n<div class=\"wp-block-group alignwide bg-white-light pt-3\"><div class=\"wp-block-group__inner-container is-layout-flow wp-block-group-is-layout-flow\">\n<figure class=\"wp-block-image size-large breiteSchmal\"><img loading=\"lazy\" decoding=\"async\" width=\"1170\" height=\"781\" src=\"https:\/\/www.traminerhof.it\/wp-content\/uploads\/2020\/05\/relaxen-outdoorpool-2-1170x781.jpg\" alt=\"\" class=\"wp-image-6081\" srcset=\"https:\/\/www.traminerhof.it\/wp-content\/uploads\/2020\/05\/relaxen-outdoorpool-2-1170x781.jpg 1170w, https:\/\/www.traminerhof.it\/wp-content\/uploads\/2020\/05\/relaxen-outdoorpool-2-992x661.jpg 992w, https:\/\/www.traminerhof.it\/wp-content\/uploads\/2020\/05\/relaxen-outdoorpool-2-1536x1025.jpg 1536w, https:\/\/www.traminerhof.it\/wp-content\/uploads\/2020\/05\/relaxen-outdoorpool-2-768x513.jpg 768w, https:\/\/www.traminerhof.it\/wp-content\/uploads\/2020\/05\/relaxen-outdoorpool-2-585x390.jpg 585w, https:\/\/www.traminerhof.it\/wp-content\/uploads\/2020\/05\/relaxen-outdoorpool-2.jpg 2048w\" sizes=\"(max-width: 1170px) 100vw, 1170px\" \/><\/figure>\n<\/div><\/div>\n\n\n\n<div class=\"wp-block-group alignwide has-hell-background-color has-background pb-5 mb-7\"><div class=\"wp-block-group__inner-container is-layout-flow wp-block-group-is-layout-flow\">\n<h1 class=\"has-text-align-center breiteExtraSchmal mt-1 wp-block-heading\">Relax and enjoy<\/h1>\n\n\n\n<h2 class=\"has-braun-color has-text-color has-text-align-center breiteExtraSchmal wp-block-heading\"><a href=\"https:\/\/www.traminerhof.it\/it\/hotel\/mondo-acquatico\/\">I punti dell&#8217;hotel per sentirsi a proprio agio <\/a><\/h2>\n\n\n\n<p class=\"breiteSchmal\">In estate pu\u00f2 essere molto caldo qui da noi. 38 gradi all&#8217;ombra. Ma al calore segue il raffreddamento. La nostra piscina all&#8217;aperto \u00e8 il luogo ideale di rifugio. <br>Accanto alla piscina all&#8217;aperto con prato per prendere il sole c&#8217;\u00e8 anche il mondo acquatico con zona sauna per voi. La nostra ricetta per la soddisfazione vale qui: semplicemente non fare nulla, rilassarsi e divertirsi.  <\/p>\n\n\n\n<div class=\"wp-block-button aligncenter\"><a class=\"wp-block-button__link\" href=\"https:\/\/www.traminerhof.it\/it\/hotel\/mondo-acquatico\/\">alla zona comfort<\/a><\/div>\n<\/div><\/div>\n\n\n\n\n\n\n\t\n\n\t\n\n\t\n<script>\njQuery(document).ready(function($) {\n\t\n\n\t\t\t$('.slick-dimizu_postlist-block_5e77863361cea').slick({\n\n\t\t\t\tslidesToShow: 3, \n\t\t\t\tslidesToScroll: 1, \n\t\t\t\tdots: false,\n\t\t\t\tarrows: true,\n\t\t\t\tautoplay: false,\n\t\t\t\tresponsive: [\n\t\t\t\t\t\t{\n\t\t\t\t\t\t\tbreakpoint: 992,\n\t\t\t\t\t\t\tsettings: {\n\n\t\t\t\t\t\t\t\tslidesToShow: 3, \n\t\t\t\t\t\t\t\tslidesToScroll: 1, \n\t\t\t\t\t\t\t\t}\n\t\t\t\t\t\t},\n\t\t\t\t\t\t{\n\t\t\t\t\t\t\tbreakpoint: 768,\n\t\t\t\t\t\t\tsettings: {\n\n\t\t\t\t\t\t\t\tslidesToShow: 2,\n\t\t\t\t\t\t\t\tslidesToScroll: 1,\n\t\t\t\t\t\t\t}\n\t\t\t\t\t\t},\n\t\t\t\t\t\t{\n\t\t\t\t\t\t\tbreakpoint: 576,\n\t\t\t\t\t\t\tsettings: {\n\t\t\t\t\t\t\t\tslidesToShow: 1,\n\t\t\t\t\t\t\t\tslidesToScroll: 1,\n\t\t\n\t\t\t\t\t\t\t}\n\t\t\t\t\t\t}\n\t\t\t\t\t\t\t\t\t\t\t\t\t\t\t \n\t\t\t\t\t],\t\t\t\t\n\n\t\t\t\t\n\t\t\t});\n}); \n<\/script>\n\t\n\n\n<script>\n(function($) {\n\t$(document).ready( function() {\n  \n  \n\t\tvar buttonFilters = {};\n\t\tvar buttonFilter = '*';\n   \n    var grid=$('.slick-dimizu_postlist-block_5e77863361cea').imagesLoaded( function() {\n\n\t\t\n        grid.isotope({\n         itemSelector: '.dimizu_postlist_wrapper',\n         layoutMode: 'fitRows',\n          transitionDuration: '0.6s',\n        });\n\n\n        var items = grid.find('.dimizu_postlist_wrapper');\n        grid.addClass('is-showing-items').isotope( 'revealItemElements', items );\n\n\n        \/\/wenn lazie load verwendet wird (class='ll')\n        grid.on( 'arrangeComplete', function( event, filteredItems ) {\n          \/\/console.log( 'arrangeComplete with ' + filteredItems.length + ' items' );\n          $(window).scroll();\n        });\n\n\n        $('.filterGruppe').on( 'click', '.filterbtn', function() {\n          var buttonGroup = $(this).parents('.gruppefilterbtns');\n          var filterGroup = buttonGroup.attr('filter-gruppefilterbtns');\n          buttonFilters[ filterGroup ] = $(this).attr('data-filter');\n          buttonFilter = concatValues( buttonFilters ) || '*';\n\n\n\n          \/\/console.log( buttonFilters );\n          \/\/console.log( buttonFilter );\n          \/\/grid.isotope();\n        });\n        $('.gruppefilterbtns').each( function( i, buttonGroup ) {\n          var buttonGroup = $( buttonGroup );\n          buttonGroup.on( 'click', '.filterbtn', function() {\n            buttonGroup.find('.is-checked').removeClass('is-checked');\n            $(this).addClass('is-checked');\n          });\n        });\n\n\n        \/\/ Alphabetical sort\n        \/\/ Sort items alphabetically based on \n        var sortValue = false;\n        $('.sort').on('click', function(){\n            var currentHash = location.hash;\n            if ( $(this).hasClass('is-checked') ) {\n                sortValue = false;\n                location.hash = currentHash.replace( \/&sort=([^&]+)\/i, '');\n            } else {\n                sortValue = $(this).attr('data-sort-value');\n                location.hash = currentHash + '&sort=' + encodeURIComponent( sortValue );\n            }\n        });\n\n\n\n        var filters = {};\n        $( '.gruppefilterbtns button' ).on( 'click', filterSelect );\n\n        \/\/ Set the URI hash to the current selected filters\n        function filterSelect() {\n            var hashFilter = getHashFilter();\n            filters['fk1'] = hashFilter['fk1'];\n            filters['fk2'] = hashFilter['fk2'];\n            var currentFilter = $(this).attr('data-filter');\n            var navGroup = $(this).parents('.gruppefilterbtns');\n            var filterGroup = navGroup.attr('filter-gruppefilterbtns');\n\n            if ( currentFilter == hashFilter['fk1'] || currentFilter == hashFilter['fk2'] ) {\n                filters[ filterGroup ] = '*';\n            } else {\n                filters[ filterGroup ] = $(this).attr('data-filter');\n            }\n            \/\/console.log(filters['fk2']);\n            if (filters['fk2']) {\n              var newHash = 'fk1=' + encodeURIComponent( filters['fk1'] ) + '&fk2=' + encodeURIComponent( filters['fk2'] );\n            }\n            else {\n              var newHash = 'fk1=' + encodeURIComponent( filters['fk1'] ) ;\n            }\n\n\n            if ( sortValue ) {\n                newHash = newHash + '&sort=' + encodeURIComponent( sortValue );\n            }\n            location.hash = newHash;\n        } \n\n        function onHashChange() {\n\n            \/\/ Current hash value\n            var hashFilter = getHashFilter();\n            \/\/ Concatenate typ and ort for Isotope filtering\n            var theFilter = hashFilter['fk1'] + hashFilter['fk2'];\n\n            if ( hashFilter ) {\n                \/\/ Repaint Isotope container with current filters and sorts\n                grid.isotope({\n                    filter:  decodeURIComponent( theFilter ),\n                    sortBy: hashFilter['sorts']\n                } );\n\n                \/\/ Toggle is-checked status of sort button\n                if ( hashFilter['sorts'] ) {\n                    $('.sort').addClass('is-checked');\n                } else {\n                    $('.sort').removeClass('is-checked');\n                }\n                \/\/ Toggle is-checked status of filter buttons ssss\n                $( '.gruppefilterbtns' ).find('.is-checked').removeClass('is-checked');\n\n                $( '.gruppefilterbtns.fk1' ).find(\"[data-filter='\" + hashFilter[\"fk1\"] + \"']\").addClass('is-checked');\n                $( '.gruppefilterbtns.fk2' ).find(\"[data-filter='\" + hashFilter[\"fk2\"] + \"']\").addClass('is-checked');\n\n\n\n              var elems = grid.isotope('getItemElements');\n              var filteredElems = grid.isotope('getFilteredItemElements');\n\n\n\n              elems.forEach(function(item,index){\n                item.classList.remove('sichtbarVersetzt');\n\n              })\n\n              var count = 0;\n              filteredElems.forEach(function(item,index){\n                if ( count  % 3 == 1 ) item.classList.add('sichtbarVersetzt');\n                count++;\n\n              })  \n\n            }\n        } \/\/ onHahschange\n\n        function getHashFilter() {\n            \/\/ Get filters (matches) and sort order (sorts)\n            var fk1 = location.hash.match( \/fk1=([^&]+)\/i );\n            var fk2 = location.hash.match( \/fk2=([^&]+)\/i );\n            var sorts = location.hash.match( \/sort=([^&]+)\/i );\n\n            \/\/ Set up a hashFilter array\n            var hashFilter = {};\n            \/\/ Populate array with matches and sorts using ternary logic\n            hashFilter['fk1'] = fk1 ? fk1[1] : '*';\n            hashFilter['fk2'] = fk2 ? fk2[1] : '*';\n            hashFilter['sorts'] = sorts ? sorts[1]: '';\n\n            return hashFilter;\n        } \/\/ getHashFilter\n\n        \/\/ When the hash changes, run onHashchange\n        window.onhashchange = onHashChange;\n\n\n        \/\/ When the page loads for the first time, run onHashChange\n        onHashChange();\n\n\n        var initShow = 6; \/\/number of images loaded on init & onclick load more button\n        var iso = grid.data('isotope'); \/\/ get Isotope instance\n        var counter = initShow; \n\n        if($('a[href*=#load-more]').length) {\n          var loadmorelink = $('a[href*=#load-more]').attr('href');\n          var teile = loadmorelink.split('-');\n          initShow=parseInt(teile[2]);\n          counter = initShow; \/\/counter for load more button\n          \n\t\t      loadMore(initShow); \/\/if Button with #load-more exists then execute function onload\n        }\n        \n        function loadMore(toShow) {\n          grid.find('.hidden').removeClass('hidden');\n\n          var hiddenElems = iso.filteredItems.slice(toShow, iso.filteredItems.length).map(function(item) {\n            return item.element;\n          });\n          $(hiddenElems).addClass('hidden');\n          grid.isotope('layout');\n\n          \/\/when no more to load, hide show more button\n          if (hiddenElems.length == 0) {\n            $('#load-more').hide();\n          } \n          else {\n            $('#load-more').show();\n          };\n        }\n\n\n\n        $('a[href*=#load-more]').click(function() {\n          if ($('#filters').data('clicked')) {\n            \/\/when filter button clicked, set initial value for counter\n            counter = initShow;\n            j$('#filters').data('clicked', false);\n          } else {\n            counter = counter;\n          };\n\n          counter = counter + initShow;\n\n          loadMore(counter);\n        });\n\n\n\t\t\n\t\t}); \/\/ imagesLoaded\n\t\t\n\n     \n\t\t\n\t\t\n\t});  \/\/ ready\n})(jQuery);\n\n\nfunction concatValues( obj ) {\n\tvar value = '';\n\tfor ( var prop in obj ) {\n\t\tvalue += obj[ prop ];\n\t}\n\treturn value;\n}\n<\/script>\n\n\n\n<div id=\"dimizu_postlist-block_5e77863361cea\" class=\"dimizu_postlist SpecialCarousel  versetzt mt-4\">\n\n\n<div class=\"slick-dimizu_postlist-block_5e77863361cea\">\n  \n  \n\n\t<p>Selection missing!<\/p><\/div>\n\t\n\t\n\t\n<\/div>\n","protected":false},"excerpt":{"rendered":"<p>Il TRAMINERHOF Cosa ti aspetta da noi Il Traminerhof. Un luogo dove ci si sente benvenuti fin dalla prima volta che si entra. Quasi come a casa. Aperto, amichevole e onesto. Certo, l&#8217;hotel \u00e8 anche un po&#8217; diverso dagli altri dove sei stato prima. In qualche modo diverso. Forse pi\u00f9 disinvolo? Non lo sai ancora, [&hellip;]<\/p>\n","protected":false},"author":2,"featured_media":6033,"parent":0,"menu_order":0,"comment_status":"closed","ping_status":"closed","template":"","meta":{"_acf_changed":false,"footnotes":"","_links_to":"","_links_to_target":""},"seite_kategorien":[56],"acf":[],"yoast_head":"<!-- This site is optimized with the Yoast SEO plugin v22.6 - https:\/\/yoast.com\/wordpress\/plugins\/seo\/ -->\n<title>Hotel | Traminerhof<\/title>\n<meta name=\"robots\" content=\"index, follow, max-snippet:-1, max-image-preview:large, max-video-preview:-1\" \/>\n<link rel=\"canonical\" href=\"https:\/\/www.traminerhof.it\/hotel\/\" \/>\n<meta property=\"og:locale\" content=\"it_IT\" \/>\n<meta property=\"og:type\" content=\"article\" \/>\n<meta property=\"og:title\" content=\"Hotel | Traminerhof\" \/>\n<meta property=\"og:description\" content=\"Il TRAMINERHOF Cosa ti aspetta da noi Il Traminerhof. Un luogo dove ci si sente benvenuti fin dalla prima volta che si entra. Quasi come a casa. Aperto, amichevole e onesto. Certo, l&#8217;hotel \u00e8 anche un po&#8217; diverso dagli altri dove sei stato prima. In qualche modo diverso. Forse pi\u00f9 disinvolo? Non lo sai ancora, [&hellip;]\" \/>\n<meta property=\"og:url\" content=\"https:\/\/www.traminerhof.it\/hotel\/\" \/>\n<meta property=\"og:site_name\" content=\"Traminerhof\" \/>\n<meta property=\"article:modified_time\" content=\"2023-07-17T17:58:25+00:00\" \/>\n<meta property=\"og:image\" content=\"https:\/\/www.traminerhof.it\/wp-content\/uploads\/2020\/05\/traminerhof_aussenansicht_tiberio-sorvillo.jpg\" \/>\n\t<meta property=\"og:image:width\" content=\"2048\" \/>\n\t<meta property=\"og:image:height\" content=\"1367\" \/>\n\t<meta property=\"og:image:type\" content=\"image\/jpeg\" \/>\n<meta name=\"twitter:card\" content=\"summary_large_image\" \/>\n<meta name=\"twitter:label1\" content=\"Tempo di lettura stimato\" \/>\n\t<meta name=\"twitter:data1\" content=\"1 minuto\" \/>\n<script type=\"application\/ld+json\" class=\"yoast-schema-graph\">{\"@context\":\"https:\/\/schema.org\",\"@graph\":[{\"@type\":\"WebPage\",\"@id\":\"https:\/\/www.traminerhof.it\/hotel\/\",\"url\":\"https:\/\/www.traminerhof.it\/hotel\/\",\"name\":\"Hotel | Traminerhof\",\"isPartOf\":{\"@id\":\"https:\/\/www.traminerhof.it\/#website\"},\"primaryImageOfPage\":{\"@id\":\"https:\/\/www.traminerhof.it\/hotel\/#primaryimage\"},\"image\":{\"@id\":\"https:\/\/www.traminerhof.it\/hotel\/#primaryimage\"},\"thumbnailUrl\":\"https:\/\/www.traminerhof.it\/wp-content\/uploads\/2020\/05\/traminerhof_aussenansicht_tiberio-sorvillo.jpg\",\"datePublished\":\"2020-05-28T16:57:13+00:00\",\"dateModified\":\"2023-07-17T17:58:25+00:00\",\"breadcrumb\":{\"@id\":\"https:\/\/www.traminerhof.it\/hotel\/#breadcrumb\"},\"inLanguage\":\"it-IT\",\"potentialAction\":[{\"@type\":\"ReadAction\",\"target\":[\"https:\/\/www.traminerhof.it\/hotel\/\"]}]},{\"@type\":\"ImageObject\",\"inLanguage\":\"it-IT\",\"@id\":\"https:\/\/www.traminerhof.it\/hotel\/#primaryimage\",\"url\":\"https:\/\/www.traminerhof.it\/wp-content\/uploads\/2020\/05\/traminerhof_aussenansicht_tiberio-sorvillo.jpg\",\"contentUrl\":\"https:\/\/www.traminerhof.it\/wp-content\/uploads\/2020\/05\/traminerhof_aussenansicht_tiberio-sorvillo.jpg\",\"width\":2048,\"height\":1367,\"caption\":\"Traminerhof_Au\u00dfenansicht_Tiberio\"},{\"@type\":\"BreadcrumbList\",\"@id\":\"https:\/\/www.traminerhof.it\/hotel\/#breadcrumb\",\"itemListElement\":[{\"@type\":\"ListItem\",\"position\":1,\"name\":\"Home\",\"item\":\"https:\/\/www.traminerhof.it\/it\/\"},{\"@type\":\"ListItem\",\"position\":2,\"name\":\"Hotel\"}]},{\"@type\":\"WebSite\",\"@id\":\"https:\/\/www.traminerhof.it\/#website\",\"url\":\"https:\/\/www.traminerhof.it\/\",\"name\":\"Traminerhof\",\"description\":\"Good Life. Cool Ride.\",\"potentialAction\":[{\"@type\":\"SearchAction\",\"target\":{\"@type\":\"EntryPoint\",\"urlTemplate\":\"https:\/\/www.traminerhof.it\/?s={search_term_string}\"},\"query-input\":\"required name=search_term_string\"}],\"inLanguage\":\"it-IT\"}]}<\/script>\n<!-- \/ Yoast SEO plugin. -->","yoast_head_json":{"title":"Hotel | Traminerhof","robots":{"index":"index","follow":"follow","max-snippet":"max-snippet:-1","max-image-preview":"max-image-preview:large","max-video-preview":"max-video-preview:-1"},"canonical":"https:\/\/www.traminerhof.it\/hotel\/","og_locale":"it_IT","og_type":"article","og_title":"Hotel | Traminerhof","og_description":"Il TRAMINERHOF Cosa ti aspetta da noi Il Traminerhof. Un luogo dove ci si sente benvenuti fin dalla prima volta che si entra. Quasi come a casa. Aperto, amichevole e onesto. Certo, l&#8217;hotel \u00e8 anche un po&#8217; diverso dagli altri dove sei stato prima. In qualche modo diverso. Forse pi\u00f9 disinvolo? Non lo sai ancora, [&hellip;]","og_url":"https:\/\/www.traminerhof.it\/hotel\/","og_site_name":"Traminerhof","article_modified_time":"2023-07-17T17:58:25+00:00","og_image":[{"width":2048,"height":1367,"url":"https:\/\/www.traminerhof.it\/wp-content\/uploads\/2020\/05\/traminerhof_aussenansicht_tiberio-sorvillo.jpg","type":"image\/jpeg"}],"twitter_card":"summary_large_image","twitter_misc":{"Tempo di lettura stimato":"1 minuto"},"schema":{"@context":"https:\/\/schema.org","@graph":[{"@type":"WebPage","@id":"https:\/\/www.traminerhof.it\/hotel\/","url":"https:\/\/www.traminerhof.it\/hotel\/","name":"Hotel | Traminerhof","isPartOf":{"@id":"https:\/\/www.traminerhof.it\/#website"},"primaryImageOfPage":{"@id":"https:\/\/www.traminerhof.it\/hotel\/#primaryimage"},"image":{"@id":"https:\/\/www.traminerhof.it\/hotel\/#primaryimage"},"thumbnailUrl":"https:\/\/www.traminerhof.it\/wp-content\/uploads\/2020\/05\/traminerhof_aussenansicht_tiberio-sorvillo.jpg","datePublished":"2020-05-28T16:57:13+00:00","dateModified":"2023-07-17T17:58:25+00:00","breadcrumb":{"@id":"https:\/\/www.traminerhof.it\/hotel\/#breadcrumb"},"inLanguage":"it-IT","potentialAction":[{"@type":"ReadAction","target":["https:\/\/www.traminerhof.it\/hotel\/"]}]},{"@type":"ImageObject","inLanguage":"it-IT","@id":"https:\/\/www.traminerhof.it\/hotel\/#primaryimage","url":"https:\/\/www.traminerhof.it\/wp-content\/uploads\/2020\/05\/traminerhof_aussenansicht_tiberio-sorvillo.jpg","contentUrl":"https:\/\/www.traminerhof.it\/wp-content\/uploads\/2020\/05\/traminerhof_aussenansicht_tiberio-sorvillo.jpg","width":2048,"height":1367,"caption":"Traminerhof_Au\u00dfenansicht_Tiberio"},{"@type":"BreadcrumbList","@id":"https:\/\/www.traminerhof.it\/hotel\/#breadcrumb","itemListElement":[{"@type":"ListItem","position":1,"name":"Home","item":"https:\/\/www.traminerhof.it\/it\/"},{"@type":"ListItem","position":2,"name":"Hotel"}]},{"@type":"WebSite","@id":"https:\/\/www.traminerhof.it\/#website","url":"https:\/\/www.traminerhof.it\/","name":"Traminerhof","description":"Good Life. Cool Ride.","potentialAction":[{"@type":"SearchAction","target":{"@type":"EntryPoint","urlTemplate":"https:\/\/www.traminerhof.it\/?s={search_term_string}"},"query-input":"required name=search_term_string"}],"inLanguage":"it-IT"}]}},"_links":{"self":[{"href":"https:\/\/www.traminerhof.it\/it\/wp-json\/wp\/v2\/pages\/8943"}],"collection":[{"href":"https:\/\/www.traminerhof.it\/it\/wp-json\/wp\/v2\/pages"}],"about":[{"href":"https:\/\/www.traminerhof.it\/it\/wp-json\/wp\/v2\/types\/page"}],"author":[{"embeddable":true,"href":"https:\/\/www.traminerhof.it\/it\/wp-json\/wp\/v2\/users\/2"}],"replies":[{"embeddable":true,"href":"https:\/\/www.traminerhof.it\/it\/wp-json\/wp\/v2\/comments?post=8943"}],"version-history":[{"count":3,"href":"https:\/\/www.traminerhof.it\/it\/wp-json\/wp\/v2\/pages\/8943\/revisions"}],"predecessor-version":[{"id":19363,"href":"https:\/\/www.traminerhof.it\/it\/wp-json\/wp\/v2\/pages\/8943\/revisions\/19363"}],"wp:featuredmedia":[{"embeddable":true,"href":"https:\/\/www.traminerhof.it\/it\/wp-json\/wp\/v2\/media\/6033"}],"wp:attachment":[{"href":"https:\/\/www.traminerhof.it\/it\/wp-json\/wp\/v2\/media?parent=8943"}],"wp:term":[{"taxonomy":"seite_kategorien","embeddable":true,"href":"https:\/\/www.traminerhof.it\/it\/wp-json\/wp\/v2\/seite_kategorien?post=8943"}],"curies":[{"name":"wp","href":"https:\/\/api.w.org\/{rel}","templated":true}]}}