{"id":7182,"date":"2020-05-15T16:21:11","date_gmt":"2020-05-15T14:21:11","guid":{"rendered":"https:\/\/www.traminerhof.it\/?page_id=7182"},"modified":"2020-06-22T18:35:09","modified_gmt":"2020-06-22T16:35:09","slug":"famiglia","status":"publish","type":"page","link":"https:\/\/www.traminerhof.it\/it\/attivo\/famiglia\/","title":{"rendered":"Famiglia"},"content":{"rendered":"\n<div class=\"wp-block-columns mt-6 mb-6 is-layout-flex wp-container-core-columns-is-layout-1 wp-block-columns-is-layout-flex\">\n<div class=\"wp-block-column is-vertically-aligned-top is-layout-flow wp-block-column-is-layout-flow\">\n<figure class=\"wp-block-image size-large\"><img loading=\"lazy\" decoding=\"async\" width=\"1678\" height=\"2048\" src=\"https:\/\/www.traminerhof.it\/wp-content\/uploads\/2020\/05\/familienurlaub.jpg\" alt=\"\" class=\"wp-image-6429\" srcset=\"https:\/\/www.traminerhof.it\/wp-content\/uploads\/2020\/05\/familienurlaub.jpg 1678w, https:\/\/www.traminerhof.it\/wp-content\/uploads\/2020\/05\/familienurlaub-1259x1536.jpg 1259w, https:\/\/www.traminerhof.it\/wp-content\/uploads\/2020\/05\/familienurlaub-959x1170.jpg 959w, https:\/\/www.traminerhof.it\/wp-content\/uploads\/2020\/05\/familienurlaub-768x937.jpg 768w, https:\/\/www.traminerhof.it\/wp-content\/uploads\/2020\/05\/familienurlaub-479x585.jpg 479w\" sizes=\"(max-width: 1678px) 100vw, 1678px\" \/><\/figure>\n<\/div>\n\n\n\n<div class=\"wp-block-column is-vertically-aligned-top is-layout-flow wp-block-column-is-layout-flow\">\n<h1 class=\"mt-4 mt-sm-0 wp-block-heading\">FAMIGLIA: La pi\u00f9 grande piccola squadra del mondo <\/h1>\n\n\n\n<h2 class=\"wp-block-heading\">Vacanza con la famiglia a Termeno sul Lago di Caldaro<\/h2>\n\n\n\n<p>Vacanze con la famiglia &#8211; che significa tempo insieme per rilassarsi e sfogarsi. Da esplorare e scoprire. Per giocare e ridere. Da noi i bambini con i loro genitori e i loro nonni vivranno una vacanza indimenticabile in Alto Adige, perch\u00e9 a Termeno e nei dintorni del Lago di Caldaro c&#8217;\u00e8 molto da fare! Che si tratti di nuotare, fare surf, fare escursioni a piedi, in bicicletta o esplorare un castello medievale&#8230; Un paradiso per gli amanti dell&#8217;acqua, gli appassionati di sport e gli avventurieri.<\/p>\n\n\n\n<p>Non siamo un hotel per famiglie, ma diamo un caloroso benvenuto ai nostri cari piccoli ospiti \ud83d\ude42 <\/p>\n<\/div>\n<\/div>\n\n\n\n<figure class=\"wp-block-image size-large breiteSchmal\"><img loading=\"lazy\" decoding=\"async\" width=\"2048\" height=\"1367\" src=\"https:\/\/www.traminerhof.it\/wp-content\/uploads\/2020\/05\/plantschen-am-kalterer-see.jpg\" alt=\"\" class=\"wp-image-6514\" srcset=\"https:\/\/www.traminerhof.it\/wp-content\/uploads\/2020\/05\/plantschen-am-kalterer-see.jpg 2048w, https:\/\/www.traminerhof.it\/wp-content\/uploads\/2020\/05\/plantschen-am-kalterer-see-992x661.jpg 992w, https:\/\/www.traminerhof.it\/wp-content\/uploads\/2020\/05\/plantschen-am-kalterer-see-1536x1025.jpg 1536w, https:\/\/www.traminerhof.it\/wp-content\/uploads\/2020\/05\/plantschen-am-kalterer-see-1170x781.jpg 1170w, https:\/\/www.traminerhof.it\/wp-content\/uploads\/2020\/05\/plantschen-am-kalterer-see-768x513.jpg 768w, https:\/\/www.traminerhof.it\/wp-content\/uploads\/2020\/05\/plantschen-am-kalterer-see-585x390.jpg 585w\" sizes=\"(max-width: 2048px) 100vw, 2048px\" \/><figcaption><br><\/figcaption><\/figure>\n\n\n\n<h1 class=\"has-text-align-center breiteSchmal mt-1 wp-block-heading\">Per le giornate estive<\/h1>\n\n\n\n<h2 class=\"has-text-align-center breiteSchmal mb-5 wp-block-heading\">Il nostro regno per gli amanti dell&#8217;acqua e i pirati della piscina  <\/h2>\n\n\n\n<p class=\"has-text-align-left breiteSchmal\">Scivol\u00f2 nei vostri bauli da bagno e and\u00f2 nell&#8217;acqua fresca. La piscina all&#8217;aperto del nostro hotel e il mondo acquatico interno con piscina avventura, canale d&#8217;acqua e cascata rendono le calde giornate estive davvero fresche. Anche la piscina all&#8217;aperto di Termeno \u00e8 raggiungibile a piedi. Il Lago di Caldaro, a 3 km di distanza, non \u00e8 solo il lago balneabile pi\u00f9 caldo delle Alpi, ma vi aspetta anche con pedal\u00f2, tavola da surf e deliziosi gelati. Anche i laghi di Monticolo (a 20 km) o il lago Favena (a 15 km) invitano a rinfrescarsi e a fare il bagno. <\/p>\n\n\n\n<div class=\"wp-block-columns mt-5 mt-sm-6 mb-5 is-layout-flex wp-container-core-columns-is-layout-2 wp-block-columns-is-layout-flex\">\n<div class=\"wp-block-column is-vertically-aligned-top is-layout-flow wp-block-column-is-layout-flow\">\n<h1 class=\"has-text-align-left mt-4 mt-sm-0 wp-block-heading\">Piccoli Ciclisti <\/h1>\n\n\n\n<h2 class=\"has-text-align-left wp-block-heading\">Avventura in famiglia su due ruote<\/h2>\n\n\n\n<p class=\"has-text-align-left\">I tour in bicicletta con pochi dislivelli partono direttamente dal Traminerhof per la vostra perfetta esperienza in bicicletta in famiglia: un tour sulla pista ciclabile lungo l&#8217;Adige o attraverso i campi di mele fino al Lago di Caldaro, dove \u00e8 d&#8217;obbligo un salto nell&#8217;acqua. Se volete affrontare un po&#8217; pi\u00f9 impegnativo, provate il tour ad Appiano o alla Foresta di Monticolo e troverete non solo qualche metro di dislivello in pi\u00f9, ma anche sentieri per ogni livello. Per i professionisti della bicicletta ci sono visite guidate giornaliere e una volta alla settimana un allenamento tecnico nel grande percorso di tecnica a Termeno.  <\/p>\n<\/div>\n\n\n\n<div class=\"wp-block-column is-vertically-aligned-top is-layout-flow wp-block-column-is-layout-flow\">\n<figure class=\"wp-block-image size-large\"><img loading=\"lazy\" decoding=\"async\" width=\"1678\" height=\"2048\" src=\"https:\/\/www.traminerhof.it\/wp-content\/uploads\/2020\/05\/radfahren-mit-familie-1.jpg\" alt=\"\" class=\"wp-image-6432\" srcset=\"https:\/\/www.traminerhof.it\/wp-content\/uploads\/2020\/05\/radfahren-mit-familie-1.jpg 1678w, https:\/\/www.traminerhof.it\/wp-content\/uploads\/2020\/05\/radfahren-mit-familie-1-1259x1536.jpg 1259w, https:\/\/www.traminerhof.it\/wp-content\/uploads\/2020\/05\/radfahren-mit-familie-1-959x1170.jpg 959w, https:\/\/www.traminerhof.it\/wp-content\/uploads\/2020\/05\/radfahren-mit-familie-1-768x937.jpg 768w, https:\/\/www.traminerhof.it\/wp-content\/uploads\/2020\/05\/radfahren-mit-familie-1-479x585.jpg 479w\" sizes=\"(max-width: 1678px) 100vw, 1678px\" \/><\/figure>\n<\/div>\n<\/div>\n\n\n\n<div class=\"wp-block-group alignwide bg-white-light pt-3\"><div class=\"wp-block-group__inner-container is-layout-flow wp-block-group-is-layout-flow\">\n<figure class=\"wp-block-image size-large breiteSchmal mb-4\"><img loading=\"lazy\" decoding=\"async\" width=\"2048\" height=\"1367\" src=\"https:\/\/www.traminerhof.it\/wp-content\/uploads\/2020\/05\/wandern-mit-kind.jpg\" alt=\"\" class=\"wp-image-6518\" srcset=\"https:\/\/www.traminerhof.it\/wp-content\/uploads\/2020\/05\/wandern-mit-kind.jpg 2048w, https:\/\/www.traminerhof.it\/wp-content\/uploads\/2020\/05\/wandern-mit-kind-992x661.jpg 992w, https:\/\/www.traminerhof.it\/wp-content\/uploads\/2020\/05\/wandern-mit-kind-1536x1025.jpg 1536w, https:\/\/www.traminerhof.it\/wp-content\/uploads\/2020\/05\/wandern-mit-kind-1170x781.jpg 1170w, https:\/\/www.traminerhof.it\/wp-content\/uploads\/2020\/05\/wandern-mit-kind-768x513.jpg 768w, https:\/\/www.traminerhof.it\/wp-content\/uploads\/2020\/05\/wandern-mit-kind-585x390.jpg 585w\" sizes=\"(max-width: 2048px) 100vw, 2048px\" \/><\/figure>\n<\/div><\/div>\n\n\n\n<div class=\"wp-block-group alignwide has-hell-background-color has-background pb-5 mb-5\"><div class=\"wp-block-group__inner-container is-layout-flow wp-block-group-is-layout-flow\">\n<h1 class=\"has-text-align-center breiteExtraSchmal mt-2 wp-block-heading\">Per Monti e per valli<\/h1>\n\n\n\n<h2 class=\"has-text-align-center breiteExtraSchmal wp-block-heading\">L&#8217;escursionismo \u00e8 la gioia dei bambini <\/h2>\n\n\n\n<p class=\"has-text-align-left breiteSchmal\">A Termeno, vicino al Lago di Caldaro anche gli escursionisti che non amano le escursioni diventeranno conquistatori di vette, perch\u00e9 qui vi aspettano esperienze di montagna e natura di un tipo speciale. Diventate naturalisti sul sentiero didattico naturalistico del Lago di Caldaro o sul sentiero geologico della valle H\u00f6llental. D&#8217;altra parte, nel Geoparc Bletterbach dell&#8217;UNESCO ad Aldino si pu\u00f2 fare un viaggio nel tempo verso i dinosauri e i rettili preistorici. Nella Rastenbachklamm si cammina su scale e ponti passando accanto a cascate e piscine. E se tutto questo non vi bastasse, il nostro Monte Roen vi aspetta con quasi 2.000 metri di altitudine e una vista unica.   <\/p>\n<\/div><\/div>\n\n\n\n<div class=\"wp-block-columns mt-7 mb-7 is-layout-flex wp-container-core-columns-is-layout-3 wp-block-columns-is-layout-flex\">\n<div class=\"wp-block-column is-vertically-aligned-top is-layout-flow wp-block-column-is-layout-flow\">\n<figure class=\"wp-block-image size-large\"><img loading=\"lazy\" decoding=\"async\" width=\"1678\" height=\"2048\" src=\"https:\/\/www.traminerhof.it\/wp-content\/uploads\/2020\/05\/kletterpark.jpg\" alt=\"\" class=\"wp-image-6411\" srcset=\"https:\/\/www.traminerhof.it\/wp-content\/uploads\/2020\/05\/kletterpark.jpg 1678w, https:\/\/www.traminerhof.it\/wp-content\/uploads\/2020\/05\/kletterpark-1259x1536.jpg 1259w, https:\/\/www.traminerhof.it\/wp-content\/uploads\/2020\/05\/kletterpark-959x1170.jpg 959w, https:\/\/www.traminerhof.it\/wp-content\/uploads\/2020\/05\/kletterpark-768x937.jpg 768w, https:\/\/www.traminerhof.it\/wp-content\/uploads\/2020\/05\/kletterpark-479x585.jpg 479w\" sizes=\"(max-width: 1678px) 100vw, 1678px\" \/><\/figure>\n<\/div>\n\n\n\n<div class=\"wp-block-column is-vertically-aligned-top is-layout-flow wp-block-column-is-layout-flow\">\n<h1 class=\"mt-0 wp-block-heading\">Tiger Woods, Tarzan o Robin Hood?<\/h1>\n\n\n\n<h2 class=\"wp-block-heading\">Divertimento e giochi con coraggio e abilit\u00e0 <\/h2>\n\n\n\n<p>Chi \u00e8 il campione di minigolf della tua famiglia? Scopritelo nel parco con campo da minigolf a 500 m dall&#8217;hotel. Nel Parco Bosco Avventura di Castelvecchio\/Caldaro i piccoli Tarzan dondolano nell&#8217;aria: i 23 diversi percorsi del percorso ad alta fune con 200 elementi e 35 scivoli Flying Fox richiedono non solo coraggio ma anche abilit\u00e0. Al castello di Hocheppan, il tiro con l&#8217;arco ti fa sentire come Robin Hood: il percorso si snoda attraverso la foresta, passando davanti a vari animali. A proposito, il castello fa parte della popolare escursione dei Tre Castelli.<\/p>\n<\/div>\n<\/div>\n","protected":false},"excerpt":{"rendered":"<p>FAMIGLIA: La pi\u00f9 grande piccola squadra del mondo Vacanza con la famiglia a Termeno sul Lago di Caldaro Vacanze con la famiglia &#8211; che significa tempo insieme per rilassarsi e sfogarsi. Da esplorare e scoprire. Per giocare e ridere. Da noi i bambini con i loro genitori e i loro nonni vivranno una vacanza indimenticabile [&hellip;]<\/p>\n","protected":false},"author":2,"featured_media":6430,"parent":9037,"menu_order":0,"comment_status":"closed","ping_status":"closed","template":"","meta":{"_acf_changed":false,"footnotes":"","_links_to":"","_links_to_target":""},"seite_kategorien":[54],"acf":[],"yoast_head":"<!-- This site is optimized with the Yoast SEO plugin v22.6 - https:\/\/yoast.com\/wordpress\/plugins\/seo\/ -->\n<title>Famiglia | Traminerhof<\/title>\n<meta name=\"robots\" content=\"index, follow, max-snippet:-1, max-image-preview:large, max-video-preview:-1\" \/>\n<link rel=\"canonical\" href=\"https:\/\/www.traminerhof.it\/aktiv\/family\/\" \/>\n<meta property=\"og:locale\" content=\"it_IT\" \/>\n<meta property=\"og:type\" content=\"article\" \/>\n<meta property=\"og:title\" content=\"Famiglia | Traminerhof\" \/>\n<meta property=\"og:description\" content=\"FAMIGLIA: La pi\u00f9 grande piccola squadra del mondo Vacanza con la famiglia a Termeno sul Lago di Caldaro Vacanze con la famiglia &#8211; che significa tempo insieme per rilassarsi e sfogarsi. Da esplorare e scoprire. Per giocare e ridere. Da noi i bambini con i loro genitori e i loro nonni vivranno una vacanza indimenticabile [&hellip;]\" \/>\n<meta property=\"og:url\" content=\"https:\/\/www.traminerhof.it\/aktiv\/family\/\" \/>\n<meta property=\"og:site_name\" content=\"Traminerhof\" \/>\n<meta property=\"article:modified_time\" content=\"2020-06-22T16:35:09+00:00\" \/>\n<meta property=\"og:image\" content=\"https:\/\/www.traminerhof.it\/wp-content\/uploads\/2020\/05\/familienurlaub.jpg\" \/>\n\t<meta property=\"og:image:width\" content=\"1678\" \/>\n\t<meta property=\"og:image:height\" content=\"2048\" \/>\n\t<meta property=\"og:image:type\" content=\"image\/jpeg\" \/>\n<meta name=\"twitter:card\" content=\"summary_large_image\" \/>\n<meta name=\"twitter:label1\" content=\"Tempo di lettura stimato\" \/>\n\t<meta name=\"twitter:data1\" content=\"3 minuti\" \/>\n<script type=\"application\/ld+json\" class=\"yoast-schema-graph\">{\"@context\":\"https:\/\/schema.org\",\"@graph\":[{\"@type\":\"WebPage\",\"@id\":\"https:\/\/www.traminerhof.it\/aktiv\/family\/\",\"url\":\"https:\/\/www.traminerhof.it\/aktiv\/family\/\",\"name\":\"Famiglia | Traminerhof\",\"isPartOf\":{\"@id\":\"https:\/\/www.traminerhof.it\/#website\"},\"primaryImageOfPage\":{\"@id\":\"https:\/\/www.traminerhof.it\/aktiv\/family\/#primaryimage\"},\"image\":{\"@id\":\"https:\/\/www.traminerhof.it\/aktiv\/family\/#primaryimage\"},\"thumbnailUrl\":\"https:\/\/www.traminerhof.it\/wp-content\/uploads\/2020\/05\/familienurlaub.jpg\",\"datePublished\":\"2020-05-15T14:21:11+00:00\",\"dateModified\":\"2020-06-22T16:35:09+00:00\",\"breadcrumb\":{\"@id\":\"https:\/\/www.traminerhof.it\/aktiv\/family\/#breadcrumb\"},\"inLanguage\":\"it-IT\",\"potentialAction\":[{\"@type\":\"ReadAction\",\"target\":[\"https:\/\/www.traminerhof.it\/aktiv\/family\/\"]}]},{\"@type\":\"ImageObject\",\"inLanguage\":\"it-IT\",\"@id\":\"https:\/\/www.traminerhof.it\/aktiv\/family\/#primaryimage\",\"url\":\"https:\/\/www.traminerhof.it\/wp-content\/uploads\/2020\/05\/familienurlaub.jpg\",\"contentUrl\":\"https:\/\/www.traminerhof.it\/wp-content\/uploads\/2020\/05\/familienurlaub.jpg\",\"width\":1678,\"height\":2048,\"caption\":\"Familienurlaub\"},{\"@type\":\"BreadcrumbList\",\"@id\":\"https:\/\/www.traminerhof.it\/aktiv\/family\/#breadcrumb\",\"itemListElement\":[{\"@type\":\"ListItem\",\"position\":1,\"name\":\"Home\",\"item\":\"https:\/\/www.traminerhof.it\/it\/\"},{\"@type\":\"ListItem\",\"position\":2,\"name\":\"Attivo\",\"item\":\"https:\/\/www.traminerhof.it\/aktiv\/\"},{\"@type\":\"ListItem\",\"position\":3,\"name\":\"Famiglia\"}]},{\"@type\":\"WebSite\",\"@id\":\"https:\/\/www.traminerhof.it\/#website\",\"url\":\"https:\/\/www.traminerhof.it\/\",\"name\":\"Traminerhof\",\"description\":\"Good Life. Cool Ride.\",\"potentialAction\":[{\"@type\":\"SearchAction\",\"target\":{\"@type\":\"EntryPoint\",\"urlTemplate\":\"https:\/\/www.traminerhof.it\/?s={search_term_string}\"},\"query-input\":\"required name=search_term_string\"}],\"inLanguage\":\"it-IT\"}]}<\/script>\n<!-- \/ Yoast SEO plugin. -->","yoast_head_json":{"title":"Famiglia | Traminerhof","robots":{"index":"index","follow":"follow","max-snippet":"max-snippet:-1","max-image-preview":"max-image-preview:large","max-video-preview":"max-video-preview:-1"},"canonical":"https:\/\/www.traminerhof.it\/aktiv\/family\/","og_locale":"it_IT","og_type":"article","og_title":"Famiglia | Traminerhof","og_description":"FAMIGLIA: La pi\u00f9 grande piccola squadra del mondo Vacanza con la famiglia a Termeno sul Lago di Caldaro Vacanze con la famiglia &#8211; che significa tempo insieme per rilassarsi e sfogarsi. Da esplorare e scoprire. Per giocare e ridere. Da noi i bambini con i loro genitori e i loro nonni vivranno una vacanza indimenticabile [&hellip;]","og_url":"https:\/\/www.traminerhof.it\/aktiv\/family\/","og_site_name":"Traminerhof","article_modified_time":"2020-06-22T16:35:09+00:00","og_image":[{"width":1678,"height":2048,"url":"https:\/\/www.traminerhof.it\/wp-content\/uploads\/2020\/05\/familienurlaub.jpg","type":"image\/jpeg"}],"twitter_card":"summary_large_image","twitter_misc":{"Tempo di lettura stimato":"3 minuti"},"schema":{"@context":"https:\/\/schema.org","@graph":[{"@type":"WebPage","@id":"https:\/\/www.traminerhof.it\/aktiv\/family\/","url":"https:\/\/www.traminerhof.it\/aktiv\/family\/","name":"Famiglia | Traminerhof","isPartOf":{"@id":"https:\/\/www.traminerhof.it\/#website"},"primaryImageOfPage":{"@id":"https:\/\/www.traminerhof.it\/aktiv\/family\/#primaryimage"},"image":{"@id":"https:\/\/www.traminerhof.it\/aktiv\/family\/#primaryimage"},"thumbnailUrl":"https:\/\/www.traminerhof.it\/wp-content\/uploads\/2020\/05\/familienurlaub.jpg","datePublished":"2020-05-15T14:21:11+00:00","dateModified":"2020-06-22T16:35:09+00:00","breadcrumb":{"@id":"https:\/\/www.traminerhof.it\/aktiv\/family\/#breadcrumb"},"inLanguage":"it-IT","potentialAction":[{"@type":"ReadAction","target":["https:\/\/www.traminerhof.it\/aktiv\/family\/"]}]},{"@type":"ImageObject","inLanguage":"it-IT","@id":"https:\/\/www.traminerhof.it\/aktiv\/family\/#primaryimage","url":"https:\/\/www.traminerhof.it\/wp-content\/uploads\/2020\/05\/familienurlaub.jpg","contentUrl":"https:\/\/www.traminerhof.it\/wp-content\/uploads\/2020\/05\/familienurlaub.jpg","width":1678,"height":2048,"caption":"Familienurlaub"},{"@type":"BreadcrumbList","@id":"https:\/\/www.traminerhof.it\/aktiv\/family\/#breadcrumb","itemListElement":[{"@type":"ListItem","position":1,"name":"Home","item":"https:\/\/www.traminerhof.it\/it\/"},{"@type":"ListItem","position":2,"name":"Attivo","item":"https:\/\/www.traminerhof.it\/aktiv\/"},{"@type":"ListItem","position":3,"name":"Famiglia"}]},{"@type":"WebSite","@id":"https:\/\/www.traminerhof.it\/#website","url":"https:\/\/www.traminerhof.it\/","name":"Traminerhof","description":"Good Life. Cool Ride.","potentialAction":[{"@type":"SearchAction","target":{"@type":"EntryPoint","urlTemplate":"https:\/\/www.traminerhof.it\/?s={search_term_string}"},"query-input":"required name=search_term_string"}],"inLanguage":"it-IT"}]}},"_links":{"self":[{"href":"https:\/\/www.traminerhof.it\/it\/wp-json\/wp\/v2\/pages\/7182"}],"collection":[{"href":"https:\/\/www.traminerhof.it\/it\/wp-json\/wp\/v2\/pages"}],"about":[{"href":"https:\/\/www.traminerhof.it\/it\/wp-json\/wp\/v2\/types\/page"}],"author":[{"embeddable":true,"href":"https:\/\/www.traminerhof.it\/it\/wp-json\/wp\/v2\/users\/2"}],"replies":[{"embeddable":true,"href":"https:\/\/www.traminerhof.it\/it\/wp-json\/wp\/v2\/comments?post=7182"}],"version-history":[{"count":1,"href":"https:\/\/www.traminerhof.it\/it\/wp-json\/wp\/v2\/pages\/7182\/revisions"}],"predecessor-version":[{"id":9870,"href":"https:\/\/www.traminerhof.it\/it\/wp-json\/wp\/v2\/pages\/7182\/revisions\/9870"}],"up":[{"embeddable":true,"href":"https:\/\/www.traminerhof.it\/it\/wp-json\/wp\/v2\/pages\/9037"}],"wp:featuredmedia":[{"embeddable":true,"href":"https:\/\/www.traminerhof.it\/it\/wp-json\/wp\/v2\/media\/6430"}],"wp:attachment":[{"href":"https:\/\/www.traminerhof.it\/it\/wp-json\/wp\/v2\/media?parent=7182"}],"wp:term":[{"taxonomy":"seite_kategorien","embeddable":true,"href":"https:\/\/www.traminerhof.it\/it\/wp-json\/wp\/v2\/seite_kategorien?post=7182"}],"curies":[{"name":"wp","href":"https:\/\/api.w.org\/{rel}","templated":true}]}}