{"id":10685,"date":"2020-08-18T19:10:37","date_gmt":"2020-08-18T17:10:37","guid":{"rendered":"https:\/\/www.traminerhof.it\/?page_id=10685"},"modified":"2024-04-15T13:31:53","modified_gmt":"2024-04-15T11:31:53","slug":"escursioni-a-piedi","status":"publish","type":"page","link":"https:\/\/www.traminerhof.it\/it\/attivo\/escursioni-a-piedi\/","title":{"rendered":"Escursioni a piedi"},"content":{"rendered":"<script>\njQuery(document).ready(function($) {\n\t\n\t\t\t$('.slick-dimizu_slickcarousel-block_5eb438f4a79b0').slick({\n\t\t\t\tslidesToShow: 1, \n\t\t\t\tslidesToScroll: 1, \n\t\t\t\tdots: false,\n\t\t\t\tarrows: true,\n\t\t\t\tautoplay: true,\n\t\t\t});\n  \n}); \n<\/script>\n<div class=\"slick-wrapper  mb-n-5\">\n  <div id=\"dimizu_slickcarousel-block_5eb438f4a79b0\" class=\"dimizu_slickcarousel  kopfSlider\">\n    <div class=\"container p-0\">\n            <div class=\"slick-dimizu_slickcarousel-block_5eb438f4a79b0\"> \n    <div class=\"dimizu_slickcarousel_wrapper\">\n        <a  href=\"https:\/\/www.traminerhof.it\/wp-content\/uploads\/2020\/05\/tramin-fruehling.jpg\" class=\"dimizu_slickcarousel_imagelink\">\n          <img decoding=\"async\" src=\"https:\/\/www.traminerhof.it\/wp-content\/uploads\/2020\/05\/tramin-fruehling-1170x781.jpg\" alt=\"\" class=\"img-fluid\">\n        <\/a>\n          \n                  \n\n    <\/div>\n    \n    <div class=\"dimizu_slickcarousel_wrapper\">\n        <a  href=\"https:\/\/www.traminerhof.it\/wp-content\/uploads\/2020\/05\/sicht-auf-kalterer-see.jpg\" class=\"dimizu_slickcarousel_imagelink\">\n          <img decoding=\"async\" src=\"https:\/\/www.traminerhof.it\/wp-content\/uploads\/2020\/05\/sicht-auf-kalterer-see-1170x781.jpg\" alt=\"\" class=\"img-fluid\">\n        <\/a>\n          \n                  \n\n    <\/div>\n    \n    <div class=\"dimizu_slickcarousel_wrapper\">\n        <a  href=\"https:\/\/www.traminerhof.it\/wp-content\/uploads\/2020\/05\/wandern-latschen.jpg\" class=\"dimizu_slickcarousel_imagelink\">\n          <img decoding=\"async\" src=\"https:\/\/www.traminerhof.it\/wp-content\/uploads\/2020\/05\/wandern-latschen-1170x781.jpg\" alt=\"\" class=\"img-fluid\">\n        <\/a>\n          \n                  \n\n    <\/div>\n     <\/div>\n          <\/div>\n  <\/div>\n<\/div>\n\n\n<h1 class=\"has-text-align-center breiteSchmal mt-n4 wp-block-heading\">Tra palme e cime di montagna<\/h1>\n\n\n\n<h2 class=\"has-text-align-center breiteSchmal mb-5 wp-block-heading\">Escursioni, purch\u00e9 in nessun altro luogo<\/h2>\n\n\n\n<p class=\"breiteSchmal\">Termeno nel sud dell&#8217;Alto Adige \u00e8 sinonimo di piacere escursionistico XXL. In nessun altro luogo delle Alpi si pu\u00f2 fare un&#8217;escursione cos\u00ec lunga come qui. La stagione escursionistica da marzo a novembre offre esperienze di montagna a tutte le altitudini e per tutti i percorsi: giovani e meno giovani, con la famiglia o con gli amici, a valle tra palme e ulivi o fino alle cime scoscese e ai pascoli alpini rigogliosi &#8211; un programma ricco di contrasti attende voi e i vostri scarponi da trekking.<\/p>\n\n\n\n<p><\/p>\n\n\n\n<div class=\"wp-block-columns mt-4 mt-sm-5 mb-4 mb-sm-5 is-layout-flex wp-container-core-columns-is-layout-1 wp-block-columns-is-layout-flex\">\n<div class=\"wp-block-column is-vertically-aligned-top is-layout-flow wp-block-column-is-layout-flow\">\n<figure class=\"wp-block-image size-large is-resized\"><img loading=\"lazy\" decoding=\"async\" src=\"https:\/\/www.traminerhof.it\/wp-content\/uploads\/2020\/05\/apfelbluete-958x1170.jpg\" alt=\"\" class=\"wp-image-6540\" width=\"524\" height=\"639\"\/><\/figure>\n<\/div>\n\n\n\n<div class=\"wp-block-column is-vertically-aligned-top is-layout-flow wp-block-column-is-layout-flow\">\n<h1 class=\"mt-4 mt-sm-0 wp-block-heading\">In ciclo annuale<\/h1>\n\n\n\n<h2 class=\"wp-block-heading\"><strong>Fiori o colori?<\/strong><\/h2>\n\n\n\n<p>Ogni anno in primavera siamo sicuri: la nostra stagione preferita \u00e8 qui. La natura si risveglia, le giornate si allungano, le passeggiate nel mare infinito dei fiori di melo e i primi gelati sul lago riscaldano il nostro spirito. Poi arriva l&#8217;estate, e anche lui sa come convincerci. L&#8217;aria fresca di montagna in alta montagna, la particolare atmosfera delle capanne e la sensazione unica di felicit\u00e0 in vetta sono imbattibili. E poi arriva l&#8217;autunno in tutto il suo colorato splendore: mele e castagne ai lati della strada, vigneti che si accendono di rosso e giallo, contadini alla raccolta. E poi arriva l&#8217;inverno e siamo sicuri: ogni stagione \u00e8 la pi\u00f9 bella dell&#8217;anno.<\/p>\n\n\n\n<p><\/p>\n<\/div>\n<\/div>\n\n\n\n<div class=\"wp-block-group alignwide bg-white-light pt-3\"><div class=\"wp-block-group__inner-container is-layout-flow wp-block-group-is-layout-flow\">\n<figure class=\"wp-block-image size-large breiteSchmal mb-4\"><img decoding=\"async\" src=\"https:\/\/www.traminerhof.it\/wp-content\/uploads\/2020\/05\/2018-07-15-unbenannt-194-1170x781.jpg\" alt=\"\" class=\"wp-image-6542\"\/><\/figure>\n<\/div><\/div>\n\n\n\n<div class=\"wp-block-group alignwide has-hell-background-color has-background pb-5 mb-6 mb-sm-7\"><div class=\"wp-block-group__inner-container is-layout-flow wp-block-group-is-layout-flow\">\n<h1 class=\"has-text-align-center breiteExtraSchmal mt-2 wp-block-heading\">I nostri tesori<\/h1>\n\n\n\n<h2 class=\"has-braun-color has-text-color has-text-align-center breiteExtraSchmal mb-5 wp-block-heading\"><strong><a href=\"https:\/\/www.traminerhof.it\/it\/attivo\/escursioni-a-piedi\/escursioni\/\">Le pi\u00f9 belle escursioni<\/a><\/strong><\/h2>\n\n\n\n<p class=\"breiteSchmal\">Per te abbiamo scelto i nostri preferiti tra le possibilit\u00e0 di escursioni apparentemente infinite a Termeno e dintorni &#8211; e non \u00e8 stato facile decidere. Il risultato \u00e8 un mix ricco di contrasti per ogni gusto escursionistico: da buche di ghiaccio e cascate, lungo castelli, fattorie e pascoli alpini, con viste sulla natura e approfondimenti culturali.<\/p>\n\n\n\n<div class=\"wp-block-buttons aligncenter is-layout-flex wp-block-buttons-is-layout-flex\">\n<div class=\"wp-block-button\"><a class=\"wp-block-button__link\" href=\"https:\/\/www.traminerhof.it\/it\/attivo\/escursioni-a-piedi\/escursioni\/\">i nostri suggerimenti<\/a><\/div>\n<\/div>\n<\/div><\/div>\n\n\n\n<div class=\"wp-block-columns mt-4 mt-sm-5 mb-4 mb-sm-5 is-layout-flex wp-container-core-columns-is-layout-2 wp-block-columns-is-layout-flex\">\n<div class=\"wp-block-column is-vertically-aligned-top is-layout-flow wp-block-column-is-layout-flow\">\n<figure class=\"wp-block-image size-large\"><img decoding=\"async\" src=\"https:\/\/www.traminerhof.it\/wp-content\/uploads\/2020\/05\/weinberge-wanderung-1-958x1170.jpg\" alt=\"\" class=\"wp-image-6547\"\/><\/figure>\n<\/div>\n\n\n\n<div class=\"wp-block-column is-vertically-aligned-top is-layout-flow wp-block-column-is-layout-flow\">\n<h1 class=\"mt-4 mt-sm-0 wp-block-heading\">In buona compagnia<\/h1>\n\n\n\n<h2 class=\"wp-block-heading\"><strong>Escursioni guidate da marzo a ottobre<\/strong><\/h2>\n\n\n\n<p>L&#8217;ufficio turistico locale offre un programma escursionistico vario da marzo a ottobre con quattro escursioni guidate a settimana. Dalle escursioni a base di erbe aromatiche a quelle per famiglie, dalle gite nelle Dolomiti alla settimana escursionistica dei vignaioli in ottobre, potrete godere di escursioni variegate in ottima compagnia e con una guida escursionistica esperta. E se questo non vi basta, nei comuni limitrofi lungo la Strada del Vino dell&#8217;Alto Adige c&#8217;\u00e8 anche un variegato programma settimanale per gli appassionati di escursionismo.<\/p>\n<\/div>\n<\/div>\n","protected":false},"excerpt":{"rendered":"<p>Tra palme e cime di montagna Escursioni, purch\u00e9 in nessun altro luogo Termeno nel sud dell&#8217;Alto Adige \u00e8 sinonimo di piacere escursionistico XXL. In nessun altro luogo delle Alpi si pu\u00f2 fare un&#8217;escursione cos\u00ec lunga come qui. La stagione escursionistica da marzo a novembre offre esperienze di montagna a tutte le altitudini e per tutti [&hellip;]<\/p>\n","protected":false},"author":2,"featured_media":6555,"parent":9037,"menu_order":0,"comment_status":"closed","ping_status":"closed","template":"","meta":{"_acf_changed":false,"footnotes":"","_links_to":"","_links_to_target":""},"seite_kategorien":[54],"acf":[],"yoast_head":"<!-- This site is optimized with the Yoast SEO plugin v22.6 - https:\/\/yoast.com\/wordpress\/plugins\/seo\/ -->\n<title>Escursioni a piedi | Traminerhof<\/title>\n<meta name=\"robots\" content=\"index, follow, max-snippet:-1, max-image-preview:large, max-video-preview:-1\" \/>\n<link rel=\"canonical\" href=\"https:\/\/www.traminerhof.it\/aktiv\/wandern\/\" \/>\n<meta property=\"og:locale\" content=\"it_IT\" \/>\n<meta property=\"og:type\" content=\"article\" \/>\n<meta property=\"og:title\" content=\"Escursioni a piedi | Traminerhof\" \/>\n<meta property=\"og:description\" content=\"Tra palme e cime di montagna Escursioni, purch\u00e9 in nessun altro luogo Termeno nel sud dell&#8217;Alto Adige \u00e8 sinonimo di piacere escursionistico XXL. In nessun altro luogo delle Alpi si pu\u00f2 fare un&#8217;escursione cos\u00ec lunga come qui. La stagione escursionistica da marzo a novembre offre esperienze di montagna a tutte le altitudini e per tutti [&hellip;]\" \/>\n<meta property=\"og:url\" content=\"https:\/\/www.traminerhof.it\/aktiv\/wandern\/\" \/>\n<meta property=\"og:site_name\" content=\"Traminerhof\" \/>\n<meta property=\"article:modified_time\" content=\"2024-04-15T11:31:53+00:00\" \/>\n<meta property=\"og:image\" content=\"https:\/\/www.traminerhof.it\/wp-content\/uploads\/2020\/05\/tramin-fruehling.jpg\" \/>\n\t<meta property=\"og:image:width\" content=\"2048\" \/>\n\t<meta property=\"og:image:height\" content=\"1367\" \/>\n\t<meta property=\"og:image:type\" content=\"image\/jpeg\" \/>\n<meta name=\"twitter:card\" content=\"summary_large_image\" \/>\n<meta name=\"twitter:label1\" content=\"Tempo di lettura stimato\" \/>\n\t<meta name=\"twitter:data1\" content=\"2 minuti\" \/>\n<script type=\"application\/ld+json\" class=\"yoast-schema-graph\">{\"@context\":\"https:\/\/schema.org\",\"@graph\":[{\"@type\":\"WebPage\",\"@id\":\"https:\/\/www.traminerhof.it\/aktiv\/wandern\/\",\"url\":\"https:\/\/www.traminerhof.it\/aktiv\/wandern\/\",\"name\":\"Escursioni a piedi | Traminerhof\",\"isPartOf\":{\"@id\":\"https:\/\/www.traminerhof.it\/#website\"},\"primaryImageOfPage\":{\"@id\":\"https:\/\/www.traminerhof.it\/aktiv\/wandern\/#primaryimage\"},\"image\":{\"@id\":\"https:\/\/www.traminerhof.it\/aktiv\/wandern\/#primaryimage\"},\"thumbnailUrl\":\"https:\/\/www.traminerhof.it\/wp-content\/uploads\/2020\/05\/tramin-fruehling.jpg\",\"datePublished\":\"2020-08-18T17:10:37+00:00\",\"dateModified\":\"2024-04-15T11:31:53+00:00\",\"breadcrumb\":{\"@id\":\"https:\/\/www.traminerhof.it\/aktiv\/wandern\/#breadcrumb\"},\"inLanguage\":\"it-IT\",\"potentialAction\":[{\"@type\":\"ReadAction\",\"target\":[\"https:\/\/www.traminerhof.it\/aktiv\/wandern\/\"]}]},{\"@type\":\"ImageObject\",\"inLanguage\":\"it-IT\",\"@id\":\"https:\/\/www.traminerhof.it\/aktiv\/wandern\/#primaryimage\",\"url\":\"https:\/\/www.traminerhof.it\/wp-content\/uploads\/2020\/05\/tramin-fruehling.jpg\",\"contentUrl\":\"https:\/\/www.traminerhof.it\/wp-content\/uploads\/2020\/05\/tramin-fruehling.jpg\",\"width\":2048,\"height\":1367,\"caption\":\"Tramin im Fr\u00fchling\"},{\"@type\":\"BreadcrumbList\",\"@id\":\"https:\/\/www.traminerhof.it\/aktiv\/wandern\/#breadcrumb\",\"itemListElement\":[{\"@type\":\"ListItem\",\"position\":1,\"name\":\"Home\",\"item\":\"https:\/\/www.traminerhof.it\/it\/\"},{\"@type\":\"ListItem\",\"position\":2,\"name\":\"Attivo\",\"item\":\"https:\/\/www.traminerhof.it\/aktiv\/\"},{\"@type\":\"ListItem\",\"position\":3,\"name\":\"Escursioni a piedi\"}]},{\"@type\":\"WebSite\",\"@id\":\"https:\/\/www.traminerhof.it\/#website\",\"url\":\"https:\/\/www.traminerhof.it\/\",\"name\":\"Traminerhof\",\"description\":\"Good Life. Cool Ride.\",\"potentialAction\":[{\"@type\":\"SearchAction\",\"target\":{\"@type\":\"EntryPoint\",\"urlTemplate\":\"https:\/\/www.traminerhof.it\/?s={search_term_string}\"},\"query-input\":\"required name=search_term_string\"}],\"inLanguage\":\"it-IT\"}]}<\/script>\n<!-- \/ Yoast SEO plugin. -->","yoast_head_json":{"title":"Escursioni a piedi | Traminerhof","robots":{"index":"index","follow":"follow","max-snippet":"max-snippet:-1","max-image-preview":"max-image-preview:large","max-video-preview":"max-video-preview:-1"},"canonical":"https:\/\/www.traminerhof.it\/aktiv\/wandern\/","og_locale":"it_IT","og_type":"article","og_title":"Escursioni a piedi | Traminerhof","og_description":"Tra palme e cime di montagna Escursioni, purch\u00e9 in nessun altro luogo Termeno nel sud dell&#8217;Alto Adige \u00e8 sinonimo di piacere escursionistico XXL. In nessun altro luogo delle Alpi si pu\u00f2 fare un&#8217;escursione cos\u00ec lunga come qui. La stagione escursionistica da marzo a novembre offre esperienze di montagna a tutte le altitudini e per tutti [&hellip;]","og_url":"https:\/\/www.traminerhof.it\/aktiv\/wandern\/","og_site_name":"Traminerhof","article_modified_time":"2024-04-15T11:31:53+00:00","og_image":[{"width":2048,"height":1367,"url":"https:\/\/www.traminerhof.it\/wp-content\/uploads\/2020\/05\/tramin-fruehling.jpg","type":"image\/jpeg"}],"twitter_card":"summary_large_image","twitter_misc":{"Tempo di lettura stimato":"2 minuti"},"schema":{"@context":"https:\/\/schema.org","@graph":[{"@type":"WebPage","@id":"https:\/\/www.traminerhof.it\/aktiv\/wandern\/","url":"https:\/\/www.traminerhof.it\/aktiv\/wandern\/","name":"Escursioni a piedi | Traminerhof","isPartOf":{"@id":"https:\/\/www.traminerhof.it\/#website"},"primaryImageOfPage":{"@id":"https:\/\/www.traminerhof.it\/aktiv\/wandern\/#primaryimage"},"image":{"@id":"https:\/\/www.traminerhof.it\/aktiv\/wandern\/#primaryimage"},"thumbnailUrl":"https:\/\/www.traminerhof.it\/wp-content\/uploads\/2020\/05\/tramin-fruehling.jpg","datePublished":"2020-08-18T17:10:37+00:00","dateModified":"2024-04-15T11:31:53+00:00","breadcrumb":{"@id":"https:\/\/www.traminerhof.it\/aktiv\/wandern\/#breadcrumb"},"inLanguage":"it-IT","potentialAction":[{"@type":"ReadAction","target":["https:\/\/www.traminerhof.it\/aktiv\/wandern\/"]}]},{"@type":"ImageObject","inLanguage":"it-IT","@id":"https:\/\/www.traminerhof.it\/aktiv\/wandern\/#primaryimage","url":"https:\/\/www.traminerhof.it\/wp-content\/uploads\/2020\/05\/tramin-fruehling.jpg","contentUrl":"https:\/\/www.traminerhof.it\/wp-content\/uploads\/2020\/05\/tramin-fruehling.jpg","width":2048,"height":1367,"caption":"Tramin im Fr\u00fchling"},{"@type":"BreadcrumbList","@id":"https:\/\/www.traminerhof.it\/aktiv\/wandern\/#breadcrumb","itemListElement":[{"@type":"ListItem","position":1,"name":"Home","item":"https:\/\/www.traminerhof.it\/it\/"},{"@type":"ListItem","position":2,"name":"Attivo","item":"https:\/\/www.traminerhof.it\/aktiv\/"},{"@type":"ListItem","position":3,"name":"Escursioni a piedi"}]},{"@type":"WebSite","@id":"https:\/\/www.traminerhof.it\/#website","url":"https:\/\/www.traminerhof.it\/","name":"Traminerhof","description":"Good Life. Cool Ride.","potentialAction":[{"@type":"SearchAction","target":{"@type":"EntryPoint","urlTemplate":"https:\/\/www.traminerhof.it\/?s={search_term_string}"},"query-input":"required name=search_term_string"}],"inLanguage":"it-IT"}]}},"_links":{"self":[{"href":"https:\/\/www.traminerhof.it\/it\/wp-json\/wp\/v2\/pages\/10685"}],"collection":[{"href":"https:\/\/www.traminerhof.it\/it\/wp-json\/wp\/v2\/pages"}],"about":[{"href":"https:\/\/www.traminerhof.it\/it\/wp-json\/wp\/v2\/types\/page"}],"author":[{"embeddable":true,"href":"https:\/\/www.traminerhof.it\/it\/wp-json\/wp\/v2\/users\/2"}],"replies":[{"embeddable":true,"href":"https:\/\/www.traminerhof.it\/it\/wp-json\/wp\/v2\/comments?post=10685"}],"version-history":[{"count":5,"href":"https:\/\/www.traminerhof.it\/it\/wp-json\/wp\/v2\/pages\/10685\/revisions"}],"predecessor-version":[{"id":20490,"href":"https:\/\/www.traminerhof.it\/it\/wp-json\/wp\/v2\/pages\/10685\/revisions\/20490"}],"up":[{"embeddable":true,"href":"https:\/\/www.traminerhof.it\/it\/wp-json\/wp\/v2\/pages\/9037"}],"wp:featuredmedia":[{"embeddable":true,"href":"https:\/\/www.traminerhof.it\/it\/wp-json\/wp\/v2\/media\/6555"}],"wp:attachment":[{"href":"https:\/\/www.traminerhof.it\/it\/wp-json\/wp\/v2\/media?parent=10685"}],"wp:term":[{"taxonomy":"seite_kategorien","embeddable":true,"href":"https:\/\/www.traminerhof.it\/it\/wp-json\/wp\/v2\/seite_kategorien?post=10685"}],"curies":[{"name":"wp","href":"https:\/\/api.w.org\/{rel}","templated":true}]}}