{"id":16865,"date":"2022-05-07T08:24:49","date_gmt":"2022-05-07T06:24:49","guid":{"rendered":"https:\/\/www.traminerhof.it\/?page_id=16865"},"modified":"2022-05-07T08:24:50","modified_gmt":"2022-05-07T06:24:50","slug":"position-arrival","status":"publish","type":"page","link":"https:\/\/www.traminerhof.it\/en\/position-arrival\/","title":{"rendered":"Position &#038; Arrival"},"content":{"rendered":"\n<h1 class=\"has-text-align-center wp-block-heading\">Position &amp; Arrival<\/h1>\n\n\n\n<h2 class=\"has-text-align-center wp-block-heading\">How to reach us<\/h2>\n\n\n\n<div class=\"responsive breiteSchmal\"><iframe loading=\"lazy\" src=\"https:\/\/www.google.com\/maps\/embed?pb=!1m18!1m12!1m3!1d2246.8622431779663!2d11.245237443802395!3d46.342916697519776!2m3!1f0!2f0!3f0!3m2!1i1024!2i768!4f13.1!3m3!1m2!1s0x478281509d127c5f%3A0x3201ea1a31f2ac6a!2sTRAMINERHOF!5e1!3m2!1sde!2sit!4v1587300173578!5m2!1sde!2sit\" style=\"border:0;\" allowfullscreen=\"\" aria-hidden=\"false\" tabindex=\"0\" width=\"600\" height=\"450\" frameborder=\"0\"><\/iframe><\/div>\n\n\n\n<p class=\"breiteSchmal mt-6\">For your easy arrival, here is our address:<br><strong>Weinstra\u00dfe 43, 39040 Tramin<\/strong><\/p>\n\n\n\n<p class=\"breiteSchmal\">Hotel TRAMINERHOF<br>Weinstra\u00dfe 43<br>I-39040 Tramin an der S\u00fcdtiroler Weinstra\u00dfe<br>Telefon +39 0471 860384<br>Fax +39 0471 860844<br><a href=\"mailto:info@traminerhof.it\">info@traminerhof.it<\/a><\/p>\n\n\n\n<p class=\"breiteSchmal\">Tramin on the South Tyrolean Wine Road (3,200 inhabitants), lies at an altitude of 276 m above sea level, 4 km to Lake Kaltern, 23 km south of Bolzano and 45 km south of Merano, 300 km from Munich, 200 km to Venice.<\/p>\n\n\n\n<div class=\"wp-block-columns mt-7 mb-7 is-layout-flex wp-container-core-columns-is-layout-1 wp-block-columns-is-layout-flex\">\n<div class=\"wp-block-column is-vertically-aligned-top is-layout-flow wp-block-column-is-layout-flow\">\n<h1 class=\"has-text-align-left mt-0 wp-block-heading\">For car drivers<\/h1>\n\n\n\n<h2 class=\"has-text-align-left wp-block-heading\">You&#8217;re coming by car?<\/h2>\n\n\n\n<p class=\"has-text-align-left\">On the Brenner motorway, take the Auer-Neumarkt exit (4 km away).<br><a rel=\"noreferrer noopener\" href=\"https:\/\/www.google.com\/maps\/dir\/E45,+39040+Tramin,+Bozen\/TRAMINERHOF,+Str.+del+Vino,+43,+39040+Tramin+an+der+Weinstra%C3%9Fe,+Bozen\/@46.3359728,11.242442,14z\/data=!3m1!4b1!4m14!4m13!1m5!1m1!1s0x47828178543c6d8b:0xf945ee8a06f55bf2!2m2!1d11.2776505!2d46.3372711!1m5!1m1!1s0x478281509d127c5f:0x3201ea1a31f2ac6a!2m2!1d11.2459918!2d46.3429167!3e0\" target=\"_blank\">Route planner<\/a><\/p>\n\n\n\n<p>We offer sufficient parking facilities around the hotel: Car park or underground garage, the parking spaces are not numbered.<br>You can charge your electric car at the charging stations in our underground car park.<\/p>\n<\/div>\n\n\n\n<div class=\"wp-block-column is-vertically-aligned-top is-layout-flow wp-block-column-is-layout-flow\">\n<figure class=\"wp-block-image size-large\"><img loading=\"lazy\" decoding=\"async\" width=\"1170\" height=\"781\" src=\"https:\/\/www.traminerhof.it\/wp-content\/uploads\/2020\/05\/anreise-mit-auto-1.jpg-1-1170x781.jpg\" alt=\"\" class=\"wp-image-7005\" srcset=\"https:\/\/www.traminerhof.it\/wp-content\/uploads\/2020\/05\/anreise-mit-auto-1.jpg-1-1170x781.jpg 1170w, https:\/\/www.traminerhof.it\/wp-content\/uploads\/2020\/05\/anreise-mit-auto-1.jpg-1-992x661.jpg 992w, https:\/\/www.traminerhof.it\/wp-content\/uploads\/2020\/05\/anreise-mit-auto-1.jpg-1-1536x1025.jpg 1536w, https:\/\/www.traminerhof.it\/wp-content\/uploads\/2020\/05\/anreise-mit-auto-1.jpg-1-768x513.jpg 768w, https:\/\/www.traminerhof.it\/wp-content\/uploads\/2020\/05\/anreise-mit-auto-1.jpg-1-585x390.jpg 585w, https:\/\/www.traminerhof.it\/wp-content\/uploads\/2020\/05\/anreise-mit-auto-1.jpg-1.jpg 2048w\" sizes=\"(max-width: 1170px) 100vw, 1170px\" \/><\/figure>\n<\/div>\n<\/div>\n\n\n\n<figure class=\"wp-block-image size-large breiteSchmal\"><img loading=\"lazy\" decoding=\"async\" width=\"1170\" height=\"781\" src=\"https:\/\/www.traminerhof.it\/wp-content\/uploads\/2020\/05\/anreise-mit-zug-1170x781.jpg\" alt=\"\" class=\"wp-image-7009\" srcset=\"https:\/\/www.traminerhof.it\/wp-content\/uploads\/2020\/05\/anreise-mit-zug-1170x781.jpg 1170w, https:\/\/www.traminerhof.it\/wp-content\/uploads\/2020\/05\/anreise-mit-zug-992x661.jpg 992w, https:\/\/www.traminerhof.it\/wp-content\/uploads\/2020\/05\/anreise-mit-zug-1536x1025.jpg 1536w, https:\/\/www.traminerhof.it\/wp-content\/uploads\/2020\/05\/anreise-mit-zug-768x513.jpg 768w, https:\/\/www.traminerhof.it\/wp-content\/uploads\/2020\/05\/anreise-mit-zug-585x390.jpg 585w, https:\/\/www.traminerhof.it\/wp-content\/uploads\/2020\/05\/anreise-mit-zug.jpg 2048w\" sizes=\"(max-width: 1170px) 100vw, 1170px\" \/><\/figure>\n\n\n\n<h1 class=\"has-text-align-center breiteSchmal wp-block-heading\">For train drivers<\/h1>\n\n\n\n<h2 class=\"has-text-align-center breiteSchmal wp-block-heading\">You&#8217;re coming by train?<\/h2>\n\n\n\n<p class=\"breiteSchmal\">Take the train to the Auer stop (5 km away). From there there is a bus connection to Tramin or we will be happy to pick you up directly there.<br>Alternatively, take the train to Bolzano and the connecting shuttle from S\u00fcdtirol Transfer directly to us without any stress. Click here to go to the booking page: www.suedtiroltransfer.com\/de\/<\/p>\n\n\n\n<p class=\"breiteSchmal\">Once in South Tyrol, travellers on DB\/\u00d6BB trains can use public transport with the connecting ticket South Tyrol to get to their accommodation on the day of arrival or to the station on the day of return.<\/p>\n\n\n\n<div class=\"wp-block-columns mt-7 mb-7 is-layout-flex wp-container-core-columns-is-layout-2 wp-block-columns-is-layout-flex\">\n<div class=\"wp-block-column is-vertically-aligned-top is-layout-flow wp-block-column-is-layout-flow\">\n<h1 class=\"has-text-align-left mt-0 wp-block-heading\">For our passengers<\/h1>\n\n\n\n<h2 class=\"has-text-align-left wp-block-heading\"><strong>You&#8217;re coming by plane?<\/strong><\/h2>\n\n\n\n<p>All information on flights to Bolzano at:<br>www.abd-airport.it<\/p>\n\n\n\n<p>Flight to Innsbruck (Austria) and continue by train to Auer. From there there is a bus connection to Tramin or we can pick you up. Alternatively, you can rent a car directly from Innsbruck to the Traminerhof.<\/p>\n\n\n\n<p>Fly to Milan\/Bergamo or Verona and continue by train to Auer. From there there is a bus connection to Tramin or we can pick you up.<\/p>\n\n\n\n<p><\/p>\n<\/div>\n\n\n\n<div class=\"wp-block-column is-vertically-aligned-top is-layout-flow wp-block-column-is-layout-flow\">\n<figure class=\"wp-block-image size-large\"><img loading=\"lazy\" decoding=\"async\" width=\"959\" height=\"1170\" src=\"https:\/\/www.traminerhof.it\/wp-content\/uploads\/2020\/05\/anreise-mit-flugzeug-959x1170.jpg\" alt=\"\" class=\"wp-image-7007\" srcset=\"https:\/\/www.traminerhof.it\/wp-content\/uploads\/2020\/05\/anreise-mit-flugzeug-959x1170.jpg 959w, https:\/\/www.traminerhof.it\/wp-content\/uploads\/2020\/05\/anreise-mit-flugzeug-1259x1536.jpg 1259w, https:\/\/www.traminerhof.it\/wp-content\/uploads\/2020\/05\/anreise-mit-flugzeug-768x937.jpg 768w, https:\/\/www.traminerhof.it\/wp-content\/uploads\/2020\/05\/anreise-mit-flugzeug-479x585.jpg 479w, https:\/\/www.traminerhof.it\/wp-content\/uploads\/2020\/05\/anreise-mit-flugzeug.jpg 1678w\" sizes=\"(max-width: 959px) 100vw, 959px\" \/><\/figure>\n<\/div>\n<\/div>\n","protected":false},"excerpt":{"rendered":"<p>Position &amp; Arrival How to reach us For your easy arrival, here is our address:Weinstra\u00dfe 43, 39040 Tramin Hotel TRAMINERHOFWeinstra\u00dfe 43I-39040 Tramin an der S\u00fcdtiroler Weinstra\u00dfeTelefon +39 0471 860384Fax +39 0471 860844info@traminerhof.it Tramin on the South Tyrolean Wine Road (3,200 inhabitants), lies at an altitude of 276 m above sea level, 4 km to Lake [&hellip;]<\/p>\n","protected":false},"author":2,"featured_media":0,"parent":0,"menu_order":0,"comment_status":"closed","ping_status":"closed","template":"","meta":{"_acf_changed":false,"footnotes":"","_links_to":"","_links_to_target":""},"seite_kategorien":[],"acf":[],"yoast_head":"<!-- This site is optimized with the Yoast SEO plugin v22.6 - https:\/\/yoast.com\/wordpress\/plugins\/seo\/ -->\n<title>Position &amp; Arrival | Traminerhof<\/title>\n<meta name=\"robots\" content=\"index, follow, max-snippet:-1, max-image-preview:large, max-video-preview:-1\" \/>\n<link rel=\"canonical\" href=\"https:\/\/www.traminerhof.it\/lage\/\" \/>\n<meta property=\"og:locale\" content=\"en_US\" \/>\n<meta property=\"og:type\" content=\"article\" \/>\n<meta property=\"og:title\" content=\"Position &amp; Arrival | Traminerhof\" \/>\n<meta property=\"og:description\" content=\"Position &amp; Arrival How to reach us For your easy arrival, here is our address:Weinstra\u00dfe 43, 39040 Tramin Hotel TRAMINERHOFWeinstra\u00dfe 43I-39040 Tramin an der S\u00fcdtiroler Weinstra\u00dfeTelefon +39 0471 860384Fax +39 0471 860844info@traminerhof.it Tramin on the South Tyrolean Wine Road (3,200 inhabitants), lies at an altitude of 276 m above sea level, 4 km to Lake [&hellip;]\" \/>\n<meta property=\"og:url\" content=\"https:\/\/www.traminerhof.it\/lage\/\" \/>\n<meta property=\"og:site_name\" content=\"Traminerhof\" \/>\n<meta property=\"article:modified_time\" content=\"2022-05-07T06:24:50+00:00\" \/>\n<meta property=\"og:image\" content=\"https:\/\/www.traminerhof.it\/wp-content\/uploads\/2020\/05\/anreise-mit-auto-1.jpg-1-1170x781.jpg\" \/>\n<meta name=\"twitter:card\" content=\"summary_large_image\" \/>\n<meta name=\"twitter:label1\" content=\"Est. reading time\" \/>\n\t<meta name=\"twitter:data1\" content=\"2 minutes\" \/>\n<script type=\"application\/ld+json\" class=\"yoast-schema-graph\">{\"@context\":\"https:\/\/schema.org\",\"@graph\":[{\"@type\":\"WebPage\",\"@id\":\"https:\/\/www.traminerhof.it\/lage\/\",\"url\":\"https:\/\/www.traminerhof.it\/lage\/\",\"name\":\"Position & Arrival | Traminerhof\",\"isPartOf\":{\"@id\":\"https:\/\/www.traminerhof.it\/#website\"},\"primaryImageOfPage\":{\"@id\":\"https:\/\/www.traminerhof.it\/lage\/#primaryimage\"},\"image\":{\"@id\":\"https:\/\/www.traminerhof.it\/lage\/#primaryimage\"},\"thumbnailUrl\":\"https:\/\/www.traminerhof.it\/wp-content\/uploads\/2020\/05\/anreise-mit-auto-1.jpg-1-1170x781.jpg\",\"datePublished\":\"2022-05-07T06:24:49+00:00\",\"dateModified\":\"2022-05-07T06:24:50+00:00\",\"breadcrumb\":{\"@id\":\"https:\/\/www.traminerhof.it\/lage\/#breadcrumb\"},\"inLanguage\":\"en-US\",\"potentialAction\":[{\"@type\":\"ReadAction\",\"target\":[\"https:\/\/www.traminerhof.it\/lage\/\"]}]},{\"@type\":\"ImageObject\",\"inLanguage\":\"en-US\",\"@id\":\"https:\/\/www.traminerhof.it\/lage\/#primaryimage\",\"url\":\"https:\/\/www.traminerhof.it\/wp-content\/uploads\/2020\/05\/anreise-mit-auto-1.jpg-1-1170x781.jpg\",\"contentUrl\":\"https:\/\/www.traminerhof.it\/wp-content\/uploads\/2020\/05\/anreise-mit-auto-1.jpg-1-1170x781.jpg\"},{\"@type\":\"BreadcrumbList\",\"@id\":\"https:\/\/www.traminerhof.it\/lage\/#breadcrumb\",\"itemListElement\":[{\"@type\":\"ListItem\",\"position\":1,\"name\":\"Home\",\"item\":\"https:\/\/www.traminerhof.it\/en\/\"},{\"@type\":\"ListItem\",\"position\":2,\"name\":\"Position &#038; Arrival\"}]},{\"@type\":\"WebSite\",\"@id\":\"https:\/\/www.traminerhof.it\/#website\",\"url\":\"https:\/\/www.traminerhof.it\/\",\"name\":\"Traminerhof\",\"description\":\"Good Life. Cool Ride.\",\"potentialAction\":[{\"@type\":\"SearchAction\",\"target\":{\"@type\":\"EntryPoint\",\"urlTemplate\":\"https:\/\/www.traminerhof.it\/?s={search_term_string}\"},\"query-input\":\"required name=search_term_string\"}],\"inLanguage\":\"en-US\"}]}<\/script>\n<!-- \/ Yoast SEO plugin. -->","yoast_head_json":{"title":"Position & Arrival | Traminerhof","robots":{"index":"index","follow":"follow","max-snippet":"max-snippet:-1","max-image-preview":"max-image-preview:large","max-video-preview":"max-video-preview:-1"},"canonical":"https:\/\/www.traminerhof.it\/lage\/","og_locale":"en_US","og_type":"article","og_title":"Position & Arrival | Traminerhof","og_description":"Position &amp; Arrival How to reach us For your easy arrival, here is our address:Weinstra\u00dfe 43, 39040 Tramin Hotel TRAMINERHOFWeinstra\u00dfe 43I-39040 Tramin an der S\u00fcdtiroler Weinstra\u00dfeTelefon +39 0471 860384Fax +39 0471 860844info@traminerhof.it Tramin on the South Tyrolean Wine Road (3,200 inhabitants), lies at an altitude of 276 m above sea level, 4 km to Lake [&hellip;]","og_url":"https:\/\/www.traminerhof.it\/lage\/","og_site_name":"Traminerhof","article_modified_time":"2022-05-07T06:24:50+00:00","og_image":[{"url":"https:\/\/www.traminerhof.it\/wp-content\/uploads\/2020\/05\/anreise-mit-auto-1.jpg-1-1170x781.jpg"}],"twitter_card":"summary_large_image","twitter_misc":{"Est. reading time":"2 minutes"},"schema":{"@context":"https:\/\/schema.org","@graph":[{"@type":"WebPage","@id":"https:\/\/www.traminerhof.it\/lage\/","url":"https:\/\/www.traminerhof.it\/lage\/","name":"Position & Arrival | Traminerhof","isPartOf":{"@id":"https:\/\/www.traminerhof.it\/#website"},"primaryImageOfPage":{"@id":"https:\/\/www.traminerhof.it\/lage\/#primaryimage"},"image":{"@id":"https:\/\/www.traminerhof.it\/lage\/#primaryimage"},"thumbnailUrl":"https:\/\/www.traminerhof.it\/wp-content\/uploads\/2020\/05\/anreise-mit-auto-1.jpg-1-1170x781.jpg","datePublished":"2022-05-07T06:24:49+00:00","dateModified":"2022-05-07T06:24:50+00:00","breadcrumb":{"@id":"https:\/\/www.traminerhof.it\/lage\/#breadcrumb"},"inLanguage":"en-US","potentialAction":[{"@type":"ReadAction","target":["https:\/\/www.traminerhof.it\/lage\/"]}]},{"@type":"ImageObject","inLanguage":"en-US","@id":"https:\/\/www.traminerhof.it\/lage\/#primaryimage","url":"https:\/\/www.traminerhof.it\/wp-content\/uploads\/2020\/05\/anreise-mit-auto-1.jpg-1-1170x781.jpg","contentUrl":"https:\/\/www.traminerhof.it\/wp-content\/uploads\/2020\/05\/anreise-mit-auto-1.jpg-1-1170x781.jpg"},{"@type":"BreadcrumbList","@id":"https:\/\/www.traminerhof.it\/lage\/#breadcrumb","itemListElement":[{"@type":"ListItem","position":1,"name":"Home","item":"https:\/\/www.traminerhof.it\/en\/"},{"@type":"ListItem","position":2,"name":"Position &#038; Arrival"}]},{"@type":"WebSite","@id":"https:\/\/www.traminerhof.it\/#website","url":"https:\/\/www.traminerhof.it\/","name":"Traminerhof","description":"Good Life. Cool Ride.","potentialAction":[{"@type":"SearchAction","target":{"@type":"EntryPoint","urlTemplate":"https:\/\/www.traminerhof.it\/?s={search_term_string}"},"query-input":"required name=search_term_string"}],"inLanguage":"en-US"}]}},"_links":{"self":[{"href":"https:\/\/www.traminerhof.it\/en\/wp-json\/wp\/v2\/pages\/16865"}],"collection":[{"href":"https:\/\/www.traminerhof.it\/en\/wp-json\/wp\/v2\/pages"}],"about":[{"href":"https:\/\/www.traminerhof.it\/en\/wp-json\/wp\/v2\/types\/page"}],"author":[{"embeddable":true,"href":"https:\/\/www.traminerhof.it\/en\/wp-json\/wp\/v2\/users\/2"}],"replies":[{"embeddable":true,"href":"https:\/\/www.traminerhof.it\/en\/wp-json\/wp\/v2\/comments?post=16865"}],"version-history":[{"count":1,"href":"https:\/\/www.traminerhof.it\/en\/wp-json\/wp\/v2\/pages\/16865\/revisions"}],"predecessor-version":[{"id":16866,"href":"https:\/\/www.traminerhof.it\/en\/wp-json\/wp\/v2\/pages\/16865\/revisions\/16866"}],"wp:attachment":[{"href":"https:\/\/www.traminerhof.it\/en\/wp-json\/wp\/v2\/media?parent=16865"}],"wp:term":[{"taxonomy":"seite_kategorien","embeddable":true,"href":"https:\/\/www.traminerhof.it\/en\/wp-json\/wp\/v2\/seite_kategorien?post=16865"}],"curies":[{"name":"wp","href":"https:\/\/api.w.org\/{rel}","templated":true}]}}